{"id":2619,"date":"2025-10-22T19:10:57","date_gmt":"2025-10-22T16:10:57","guid":{"rendered":"https:\/\/pipraveski.ee\/?post_type=product&#038;p=2619"},"modified":"2026-04-17T11:33:23","modified_gmt":"2026-04-17T08:33:23","slug":"kummikommid-tsilli-krokodill-100g","status":"publish","type":"product","link":"https:\/\/pipraveski.ee\/en\/product\/kummikommid-tsilli-krokodill-100g\/","title":{"rendered":"Gum chilli, chilli, crocodile 100g"},"content":{"rendered":"<p><span style=\"font-size: 13px\">T\u00e4idlane apelsinimaitse ja peeneks jahvatatud Habanero t\u0161illipulbri tuline puuviljane t\u0161illi kuumus \u2013 see on retsept t\u00f5eliseks maitseplahvatuseks teie keelel.<\/span><br style=\"font-size: 13px\" \/><br \/>\n<br style=\"font-size: 13px\" \/><br \/>\n<span style=\"font-size: 13px\">V\u00e4ikesed tuld hingavad draakonid l\u00f5hnavad puuviljaselt ja on suurep\u00e4rase apelsinimaitsega. Kummikommid, mille kuumus taandub j\u00e4rk-j\u00e4rgult<\/span><br style=\"font-size: 13px\" \/><br \/>\n<span style=\"font-size: 13px\">Kuid olge ettevaatlik \u2013 teravad krokodillid pole kindlasti lastele!<\/span><\/p>\n<p>Koostisained:&nbsp;Gl\u00fckoosisiirup, suhkur, \u017eelatiin, hapendaja (sidrunhape), 0,7% t\u0161illipulber, naturaalne apelsinimaitseaine koos teiste looduslike l\u00f5hna- ja maitseainetega, looduslik kurkumi maitseaine, katteaine (karnaubavaha, valge ja kollane mesilasvaha)<br \/>\nIlma kunstlike v\u00e4rv- ja s\u00e4ilitusaineteta ning peene habanero pulbriga.<\/p>\n<p><span style=\"font-size: 13px\">Nutrition information per 100g:<\/span><br style=\"font-size: 13px\" \/><br \/>\n<span style=\"font-size: 13px\">Energiasisaldus 1417kJ\/333kcal<\/span><br style=\"font-size: 13px\" \/><br \/>\n<span style=\"font-size: 13px\">Rasvad&nbsp;<\/span>&lt;0,5g<br style=\"font-size: 13px\" \/><br \/>\n<span style=\"font-size: 13px\">of which saturated fatty acids 0,2g<\/span><br style=\"font-size: 13px\" \/><br \/>\n<span style=\"font-size: 13px\">Carbohydrates 77g<\/span><br style=\"font-size: 13px\" \/><br \/>\n<span style=\"font-size: 13px\">millest suhkrud 49g<\/span><br style=\"font-size: 13px\" \/><br \/>\n<span style=\"font-size: 13px\">Valgud 5,6g<\/span><br style=\"font-size: 13px\" \/><br \/>\n<span style=\"font-size: 13px\">Salt 0g<\/span><br \/>\n&nbsp;<\/p>","protected":false},"excerpt":{"rendered":"<p>Hullud v\u00e4ikesed krokodillid &#8211; tulised, puuviljased, v\u00e4rsked ja t\u00f5eliselt maitsvad!<br \/>\nKuid olge ettevaatlik \u2013 teravad krokodillid pole kindlasti lastele!<\/p>","protected":false},"featured_media":2648,"template":"","meta":[],"product_brand":[],"product_cat":[324],"product_tag":[],"class_list":{"0":"post-2619","1":"product","2":"type-product","3":"status-publish","4":"has-post-thumbnail","6":"product_cat-maiustused-snakid","8":"first","9":"instock","10":"taxable","11":"shipping-taxable","12":"purchasable","13":"product-type-simple"},"_links":{"self":[{"href":"https:\/\/pipraveski.ee\/en\/wp-json\/wp\/v2\/product\/2619","targetHints":{"allow":["GET"]}}],"collection":[{"href":"https:\/\/pipraveski.ee\/en\/wp-json\/wp\/v2\/product"}],"about":[{"href":"https:\/\/pipraveski.ee\/en\/wp-json\/wp\/v2\/types\/product"}],"wp:featuredmedia":[{"embeddable":true,"href":"https:\/\/pipraveski.ee\/en\/wp-json\/wp\/v2\/media\/2648"}],"wp:attachment":[{"href":"https:\/\/pipraveski.ee\/en\/wp-json\/wp\/v2\/media?parent=2619"}],"wp:term":[{"taxonomy":"product_brand","embeddable":true,"href":"https:\/\/pipraveski.ee\/en\/wp-json\/wp\/v2\/product_brand?post=2619"},{"taxonomy":"product_cat","embeddable":true,"href":"https:\/\/pipraveski.ee\/en\/wp-json\/wp\/v2\/product_cat?post=2619"},{"taxonomy":"product_tag","embeddable":true,"href":"https:\/\/pipraveski.ee\/en\/wp-json\/wp\/v2\/product_tag?post=2619"}],"curies":[{"name":"wp","href":"https:\/\/api.w.org\/{rel}","templated":true}]}}