{"id":2616,"date":"2025-10-22T19:10:57","date_gmt":"2025-10-22T16:10:57","guid":{"rendered":"https:\/\/pipraveski.ee\/?post_type=product&#038;p=2616"},"modified":"2026-04-17T11:32:58","modified_gmt":"2026-04-17T08:32:58","slug":"kaste-ploomi-lkk-397g","status":"publish","type":"product","link":"https:\/\/pipraveski.ee\/en\/product\/kaste-ploomi-lkk-397g\/","title":{"rendered":"Sauce, plum, LKK, 397g"},"content":{"rendered":"<p>Ploomi kaste sobib pardiprae juurde, wokiroogadesse, kevadrullidele.<\/p>\n<p>Koostisosad: suhkur, soolatud ploomid 25%, vesi, riisi\u00e4\u00e4dikas, modifitseeritud maisit\u00e4rklis, happesuse regulaatorid: sidrunhape, naatriumtsitraat, ingver, t\u0161illi, stabilisaator: E415 (SOJAoad, NISU).<\/p>\n<p>Nutrition information per 100g:<br \/>\nEnergiasisaldus 1033kJ\/243kcal<br \/>\nFats 0,8g<br \/>\nof which saturated fatty acids 0,1g<br \/>\nCarbohydrates 59g<br \/>\nmillest suhkrud 59g<br \/>\nValgud &lt;0,5g<br \/>\nSalt 3g<\/p>\n<p>P\u00e4ritolumaa: Hong-Kong<\/p>","protected":false},"excerpt":{"rendered":"<p>Kastmeks pardipraele, wokiroogadele, kevadrullidele<\/p>","protected":false},"featured_media":2645,"template":"","meta":[],"product_brand":[242],"product_cat":[317],"product_tag":[],"class_list":{"0":"post-2616","1":"product","2":"type-product","3":"status-publish","4":"has-post-thumbnail","6":"product_brand-lee-kum-kee","7":"product_cat-kastmed-sinepid-tsatnid","9":"first","10":"instock","11":"taxable","12":"shipping-taxable","13":"purchasable","14":"product-type-simple"},"_links":{"self":[{"href":"https:\/\/pipraveski.ee\/en\/wp-json\/wp\/v2\/product\/2616","targetHints":{"allow":["GET"]}}],"collection":[{"href":"https:\/\/pipraveski.ee\/en\/wp-json\/wp\/v2\/product"}],"about":[{"href":"https:\/\/pipraveski.ee\/en\/wp-json\/wp\/v2\/types\/product"}],"wp:featuredmedia":[{"embeddable":true,"href":"https:\/\/pipraveski.ee\/en\/wp-json\/wp\/v2\/media\/2645"}],"wp:attachment":[{"href":"https:\/\/pipraveski.ee\/en\/wp-json\/wp\/v2\/media?parent=2616"}],"wp:term":[{"taxonomy":"product_brand","embeddable":true,"href":"https:\/\/pipraveski.ee\/en\/wp-json\/wp\/v2\/product_brand?post=2616"},{"taxonomy":"product_cat","embeddable":true,"href":"https:\/\/pipraveski.ee\/en\/wp-json\/wp\/v2\/product_cat?post=2616"},{"taxonomy":"product_tag","embeddable":true,"href":"https:\/\/pipraveski.ee\/en\/wp-json\/wp\/v2\/product_tag?post=2616"}],"curies":[{"name":"wp","href":"https:\/\/api.w.org\/{rel}","templated":true}]}}