{"id":2613,"date":"2025-10-22T19:10:57","date_gmt":"2025-10-22T16:10:57","guid":{"rendered":"https:\/\/pipraveski.ee\/?post_type=product&#038;p=2613"},"modified":"2026-04-17T11:32:05","modified_gmt":"2026-04-17T08:32:05","slug":"munt-kulmkuivatatud-5g","status":"publish","type":"product","link":"https:\/\/pipraveski.ee\/en\/product\/munt-kulmkuivatatud-5g\/","title":{"rendered":"Coin, freeze-dried, HELA, 5g"},"content":{"rendered":"<p>Stronger flavour than regular dried herbs.<br \/>\nFreeze-dried herbs can be added dry to dishes. Do not add during heating!<br \/>\nFor best results, moisten the herbs with water before adding them to food.<\/p>\n<p>4g of dried product is equivalent to 80g of fresh coin.<br \/>\n50g of dried product is the equivalent of 1000g of fresh coin.<\/p>\n<p>Uses: mint sauce, lamb and game meat, meatballs, tomato sauce, carrot and bean dishes, baked tomatoes, yoghurt sauces.<\/p>","protected":false},"excerpt":{"rendered":"<p>Tugevama maitsega kui tavalise kuivatusega \u00fcrdid. K\u00fclmkuivatatud \u00fcrte v\u00f5ib lisada roogadele kuivalt. Mitte lisada kuumutamise ajal! Parima tulemuse saate kui niisutate \u00fcrte enne toidule lisamist veega. 4g kuivatatud toodet vastab 80g v\u00e4rskele m\u00fcndile. 50g kuivatatud toodet vastab 1000g v\u00e4rskele m\u00fcndile. Kasutamine: m\u00fcndikaste, lamba- ja ulukiliharoad, lihapallid, tomatikaste, porgandi- ja oatoidud, k\u00fcpsetatud tomatid, jogurtikastmed.<\/p>","protected":false},"featured_media":2642,"template":"","meta":[],"product_brand":[244],"product_cat":[305],"product_tag":[],"class_list":{"0":"post-2613","1":"product","2":"type-product","3":"status-publish","4":"has-post-thumbnail","6":"product_brand-hela","7":"product_cat-urdid-kulmkuivatatud-urdid","9":"first","10":"instock","11":"taxable","12":"shipping-taxable","13":"purchasable","14":"product-type-simple"},"_links":{"self":[{"href":"https:\/\/pipraveski.ee\/en\/wp-json\/wp\/v2\/product\/2613","targetHints":{"allow":["GET"]}}],"collection":[{"href":"https:\/\/pipraveski.ee\/en\/wp-json\/wp\/v2\/product"}],"about":[{"href":"https:\/\/pipraveski.ee\/en\/wp-json\/wp\/v2\/types\/product"}],"wp:featuredmedia":[{"embeddable":true,"href":"https:\/\/pipraveski.ee\/en\/wp-json\/wp\/v2\/media\/2642"}],"wp:attachment":[{"href":"https:\/\/pipraveski.ee\/en\/wp-json\/wp\/v2\/media?parent=2613"}],"wp:term":[{"taxonomy":"product_brand","embeddable":true,"href":"https:\/\/pipraveski.ee\/en\/wp-json\/wp\/v2\/product_brand?post=2613"},{"taxonomy":"product_cat","embeddable":true,"href":"https:\/\/pipraveski.ee\/en\/wp-json\/wp\/v2\/product_cat?post=2613"},{"taxonomy":"product_tag","embeddable":true,"href":"https:\/\/pipraveski.ee\/en\/wp-json\/wp\/v2\/product_tag?post=2613"}],"curies":[{"name":"wp","href":"https:\/\/api.w.org\/{rel}","templated":true}]}}