{"id":2610,"date":"2025-10-22T19:10:57","date_gmt":"2025-10-22T16:10:57","guid":{"rendered":"https:\/\/pipraveski.ee\/?post_type=product&#038;p=2610"},"modified":"2026-04-17T11:32:27","modified_gmt":"2026-04-17T08:32:27","slug":"guava-jook-deluxe-1l","status":"publish","type":"product","link":"https:\/\/pipraveski.ee\/en\/product\/guava-jook-deluxe-1l\/","title":{"rendered":"Guava jook Deluxe, Rubicon, 1L"},"content":{"rendered":"<p>See esmaklassiline mahl on ideaalne janu kustutamiseks ja maitsemeelte troopilisse paradiisi viimiseks.<\/p>\n<p>Koostisosad: vesi, guajaavi p\u00fcree (18%), suhkur, \u00f5unhape, stabilisaatorid: guarkummi, ksantaankummi, c-vitamiin, v\u00e4rvaine (antots\u00fcaniinid), maitseained.<\/p>\n<p><span style=\"font-size: 13px\">Nutrition information per 100ml:<\/span><br style=\"font-size: 13px\" \/><br \/>\n<span style=\"font-size: 13px\">Energiasisaldus 220 kJ \/ 52 kcal<\/span><br style=\"font-size: 13px\" \/><br \/>\n<span style=\"font-size: 13px\">Fats 0,5g<\/span><br style=\"font-size: 13px\" \/><br \/>\n<span style=\"font-size: 13px\">of which saturated fatty acids 0,1g<\/span><br style=\"font-size: 13px\" \/><br \/>\n<span style=\"font-size: 13px\">S\u00fcsivesikud 13 g<\/span><br style=\"font-size: 13px\" \/><br \/>\n<span style=\"font-size: 13px\">of which sugars 13 g<\/span><br style=\"font-size: 13px\" \/><br \/>\n<span style=\"font-size: 13px\">Protein 0,5 g<\/span><br style=\"font-size: 13px\" \/><br \/>\n<span style=\"font-size: 13px\">Salt 0,01 g<\/span><\/p>","protected":false},"excerpt":{"rendered":"<p>Gaseerimata guajaavimahl, mille iga tilk on t\u00e4is eksootilist guajaavivilja maitset. <\/p>","protected":false},"featured_media":2639,"template":"","meta":[],"product_brand":[],"product_cat":[326],"product_tag":[],"class_list":{"0":"post-2610","1":"product","2":"type-product","3":"status-publish","4":"has-post-thumbnail","6":"product_cat-joogid","8":"first","9":"instock","10":"taxable","11":"shipping-taxable","12":"purchasable","13":"product-type-simple"},"_links":{"self":[{"href":"https:\/\/pipraveski.ee\/en\/wp-json\/wp\/v2\/product\/2610","targetHints":{"allow":["GET"]}}],"collection":[{"href":"https:\/\/pipraveski.ee\/en\/wp-json\/wp\/v2\/product"}],"about":[{"href":"https:\/\/pipraveski.ee\/en\/wp-json\/wp\/v2\/types\/product"}],"wp:featuredmedia":[{"embeddable":true,"href":"https:\/\/pipraveski.ee\/en\/wp-json\/wp\/v2\/media\/2639"}],"wp:attachment":[{"href":"https:\/\/pipraveski.ee\/en\/wp-json\/wp\/v2\/media?parent=2610"}],"wp:term":[{"taxonomy":"product_brand","embeddable":true,"href":"https:\/\/pipraveski.ee\/en\/wp-json\/wp\/v2\/product_brand?post=2610"},{"taxonomy":"product_cat","embeddable":true,"href":"https:\/\/pipraveski.ee\/en\/wp-json\/wp\/v2\/product_cat?post=2610"},{"taxonomy":"product_tag","embeddable":true,"href":"https:\/\/pipraveski.ee\/en\/wp-json\/wp\/v2\/product_tag?post=2610"}],"curies":[{"name":"wp","href":"https:\/\/api.w.org\/{rel}","templated":true}]}}