{"id":2608,"date":"2025-10-22T19:10:57","date_gmt":"2025-10-22T16:10:57","guid":{"rendered":"https:\/\/pipraveski.ee\/?post_type=product&#038;p=2608"},"modified":"2026-04-17T11:31:57","modified_gmt":"2026-04-17T08:31:57","slug":"kookoskreem-chaokoh-18-250ml","status":"publish","type":"product","link":"https:\/\/pipraveski.ee\/en\/product\/kookoskreem-chaokoh-18-250ml\/","title":{"rendered":"Coconut cream, Chaokoh, 18%, 250ml"},"content":{"rendered":"<p><strong>Ingredients:<\/strong> Kookose ekstrakt 70%, vesi, stabilisaator:E412, E415, emulgaator: E435.<br \/>\nEnne kasutamist raputada. P\u00e4rast avamist hoida k\u00fclmas ning kasutada 3 p\u00e4eva jooksul.<\/p>\n<p><strong>Toitev\u00e4\u00e4rtus 100ml kohta:<\/strong><br \/>\nEnergiasisaldus 766kj\/183kcal<br \/>\nS\u00fcsivesikud 1,3g<br \/>\nmillest suhkrud 1,3g<br \/>\nFats 18g<br \/>\nmillest k\u00fcllastunud rasvhapped 16g<br \/>\nValgud 1,6<br \/>\nSool 0,08<br \/>\n&nbsp;<\/p>","protected":false},"excerpt":{"rendered":"<p>Koostisosad: Kookose ekstrakt 70%, vesi, stabilisaator:E412, E415, emulgaator: E435. Enne kasutamist raputada. P\u00e4rast avamist hoida k\u00fclmas ning kasutada 3 p\u00e4eva jooksul. Toitev\u00e4\u00e4rtus 100ml kohta: Energiasisaldus 766kj\/183kcal S\u00fcsivesikud 1,3g millest suhkrud 1,3g Rasvad 18g millest k\u00fcllastunud rasvhapped 16g Valgud 1,6 Sool 0,08 &nbsp;<\/p>","protected":false},"featured_media":2637,"template":"","meta":[],"product_brand":[255],"product_cat":[317],"product_tag":[],"class_list":{"0":"post-2608","1":"product","2":"type-product","3":"status-publish","4":"has-post-thumbnail","6":"product_brand-chaokoh","7":"product_cat-kastmed-sinepid-tsatnid","9":"first","10":"instock","11":"taxable","12":"shipping-taxable","13":"purchasable","14":"product-type-simple"},"_links":{"self":[{"href":"https:\/\/pipraveski.ee\/en\/wp-json\/wp\/v2\/product\/2608","targetHints":{"allow":["GET"]}}],"collection":[{"href":"https:\/\/pipraveski.ee\/en\/wp-json\/wp\/v2\/product"}],"about":[{"href":"https:\/\/pipraveski.ee\/en\/wp-json\/wp\/v2\/types\/product"}],"wp:featuredmedia":[{"embeddable":true,"href":"https:\/\/pipraveski.ee\/en\/wp-json\/wp\/v2\/media\/2637"}],"wp:attachment":[{"href":"https:\/\/pipraveski.ee\/en\/wp-json\/wp\/v2\/media?parent=2608"}],"wp:term":[{"taxonomy":"product_brand","embeddable":true,"href":"https:\/\/pipraveski.ee\/en\/wp-json\/wp\/v2\/product_brand?post=2608"},{"taxonomy":"product_cat","embeddable":true,"href":"https:\/\/pipraveski.ee\/en\/wp-json\/wp\/v2\/product_cat?post=2608"},{"taxonomy":"product_tag","embeddable":true,"href":"https:\/\/pipraveski.ee\/en\/wp-json\/wp\/v2\/product_tag?post=2608"}],"curies":[{"name":"wp","href":"https:\/\/api.w.org\/{rel}","templated":true}]}}