{"id":2604,"date":"2025-10-22T19:10:57","date_gmt":"2025-10-22T16:10:57","guid":{"rendered":"https:\/\/pipraveski.ee\/?post_type=product&#038;p=2604"},"modified":"2026-04-17T11:32:45","modified_gmt":"2026-04-17T08:32:45","slug":"karulauk-100g","status":"publish","type":"product","link":"https:\/\/pipraveski.ee\/en\/product\/karulauk-100g\/","title":{"rendered":"Carrots, HELA, 100g"},"content":{"rendered":"<p><span style=\"font-size:12px\">Kuivatatud ja purustatud karulauk.<br \/>\n<span>Aromaatnsed lehed sisaldavad ohtralt C vitamiini ja looduslikke \u00f5lisid. Lisage suppidele, kastmetele, salatitele, kohupiimale ja maitsev\u00f5idele.<\/span><\/span><br \/>\n<span style=\", Helvetica, Arial, Verdana, sans-serif;font-size: 16px\"><span style=\"font-size:12px\">Sobib ka h\u00e4sti kala ja lihatoitude maitsestamiseks<\/span>.<br \/>\n<span style=\"font-size:12px\"><strong>Suuremat pakendit soovides ootame teie e-kirja aadressile myyk@pipraveski.ee<\/strong><\/span><\/span><\/p>","protected":false},"excerpt":{"rendered":"<p>Kuivatatud ja purustatud karulauk. Aromaatnsed lehed sisaldavad ohtralt C vitamiini ja looduslikke \u00f5lisid. Lisage suppidele, kastmetele, salatitele, kohupiimale ja maitsev\u00f5idele. Sobib ka h\u00e4sti kala ja lihatoitude maitsestamiseks. Suuremat pakendit soovides ootame teie e-kirja aadressile myyk@pipraveski.ee<\/p>","protected":false},"featured_media":2634,"template":"","meta":[],"product_brand":[244],"product_cat":[305],"product_tag":[],"class_list":{"0":"post-2604","1":"product","2":"type-product","3":"status-publish","4":"has-post-thumbnail","6":"product_brand-hela","7":"product_cat-urdid-kulmkuivatatud-urdid","9":"first","10":"instock","11":"taxable","12":"shipping-taxable","13":"purchasable","14":"product-type-simple"},"_links":{"self":[{"href":"https:\/\/pipraveski.ee\/en\/wp-json\/wp\/v2\/product\/2604","targetHints":{"allow":["GET"]}}],"collection":[{"href":"https:\/\/pipraveski.ee\/en\/wp-json\/wp\/v2\/product"}],"about":[{"href":"https:\/\/pipraveski.ee\/en\/wp-json\/wp\/v2\/types\/product"}],"wp:featuredmedia":[{"embeddable":true,"href":"https:\/\/pipraveski.ee\/en\/wp-json\/wp\/v2\/media\/2634"}],"wp:attachment":[{"href":"https:\/\/pipraveski.ee\/en\/wp-json\/wp\/v2\/media?parent=2604"}],"wp:term":[{"taxonomy":"product_brand","embeddable":true,"href":"https:\/\/pipraveski.ee\/en\/wp-json\/wp\/v2\/product_brand?post=2604"},{"taxonomy":"product_cat","embeddable":true,"href":"https:\/\/pipraveski.ee\/en\/wp-json\/wp\/v2\/product_cat?post=2604"},{"taxonomy":"product_tag","embeddable":true,"href":"https:\/\/pipraveski.ee\/en\/wp-json\/wp\/v2\/product_tag?post=2604"}],"curies":[{"name":"wp","href":"https:\/\/api.w.org\/{rel}","templated":true}]}}