{"id":2602,"date":"2025-10-22T19:10:57","date_gmt":"2025-10-22T16:10:57","guid":{"rendered":"https:\/\/pipraveski.ee\/?post_type=product&#038;p=2602"},"modified":"2026-04-17T11:31:56","modified_gmt":"2026-04-17T08:31:56","slug":"kaste-ghost-pepper-barbecue-425ml","status":"publish","type":"product","link":"https:\/\/pipraveski.ee\/en\/product\/kaste-ghost-pepper-barbecue-425ml\/","title":{"rendered":"Sauce, Ghost Pepper Barbecue, 425ml"},"content":{"rendered":"<p>Kuumusaste: kuum<\/p>\n<p>Koostisosad:&nbsp;Roosuhkur, vesi, tomatipasta, kollane SINEP (vesi, \u00e4\u00e4dikas, SINEPiseemned, soolakurkum, v\u00fcrtsid), melass, \u00e4\u00e4dikas, sool, v\u00fcrts, naturaalne suitsumaitse, sibulapulber, k\u00fc\u00fcslaugupulber, Ghost t\u0161illi p\u00fcree (Ghost t\u0161illi, \u00e4\u00e4dikas), Ghost t\u0161illi pulber<\/p>\n<p>P\u00e4rast avamist v\u00f5ib toodet s\u00e4ilitada v\u00e4hemalt 6 kuud, kui seda hoitakse temperatuuril alla 7\u00b0C.<\/p>\n<p>Nutrition information per 100ml:<br \/>\nEnergiasisaldus 1047 kJ \/ 250 kcal<br \/>\nFats 0,0g<br \/>\nof which saturated fatty acids 0g<br \/>\nS\u00fcsivesikud 60 g<br \/>\nmillest suhkrud 60 g<br \/>\nValgud 1,0 g<br \/>\nSool 0,60 g<\/p>\n<p>Country of origin: Germany<\/p>","protected":false},"excerpt":{"rendered":"<p>\u00c4rge kartke: sellesse ekstreemsesse grillkastmesse on lisatud melassi, t\u00f5elist roosuhkrut ja maitsekat v\u00fcrtsisegu, mis t\u00e4iendab Ghost Peppersi kuumust. Julgeme soovitada igasuguse liha, ribi ja kana peal.<\/p>","protected":false},"featured_media":2632,"template":"","meta":[],"product_brand":[],"product_cat":[302],"product_tag":[],"class_list":{"0":"post-2602","1":"product","2":"type-product","3":"status-publish","4":"has-post-thumbnail","6":"product_cat-marinaadid-kastmed-pastad","8":"first","9":"outofstock","10":"taxable","11":"shipping-taxable","12":"purchasable","13":"product-type-simple"},"_links":{"self":[{"href":"https:\/\/pipraveski.ee\/en\/wp-json\/wp\/v2\/product\/2602","targetHints":{"allow":["GET"]}}],"collection":[{"href":"https:\/\/pipraveski.ee\/en\/wp-json\/wp\/v2\/product"}],"about":[{"href":"https:\/\/pipraveski.ee\/en\/wp-json\/wp\/v2\/types\/product"}],"wp:featuredmedia":[{"embeddable":true,"href":"https:\/\/pipraveski.ee\/en\/wp-json\/wp\/v2\/media\/2632"}],"wp:attachment":[{"href":"https:\/\/pipraveski.ee\/en\/wp-json\/wp\/v2\/media?parent=2602"}],"wp:term":[{"taxonomy":"product_brand","embeddable":true,"href":"https:\/\/pipraveski.ee\/en\/wp-json\/wp\/v2\/product_brand?post=2602"},{"taxonomy":"product_cat","embeddable":true,"href":"https:\/\/pipraveski.ee\/en\/wp-json\/wp\/v2\/product_cat?post=2602"},{"taxonomy":"product_tag","embeddable":true,"href":"https:\/\/pipraveski.ee\/en\/wp-json\/wp\/v2\/product_tag?post=2602"}],"curies":[{"name":"wp","href":"https:\/\/api.w.org\/{rel}","templated":true}]}}