{"id":2597,"date":"2025-10-22T19:10:57","date_gmt":"2025-10-22T16:10:57","guid":{"rendered":"https:\/\/pipraveski.ee\/?post_type=product&#038;p=2597"},"modified":"2026-04-17T11:31:46","modified_gmt":"2026-04-17T08:31:46","slug":"mexican-oregano-20g","status":"publish","type":"product","link":"https:\/\/pipraveski.ee\/en\/product\/mexican-oregano-20g\/","title":{"rendered":"Mexican Oregano, 20g"},"content":{"rendered":"<p>Oreganot tuntakse \u00fcldiselt pitsa v\u00fcrtsina, kuid seda saab kasutada veelgi mitmek\u00fclgsemalt. See on asendamatu maitsvate tomatikastmete, aga ka salatikastmete, marinaadide, chili con carne v\u00f5i Vahemere kalaretseptide jaoks.<\/p>\n<p>V\u00e4hesed teavad, et oreganot on v\u00fcrtsina kasutatud vaid umbes 200 aastat. Enne seda teati teda peamiselt ravimtaimena. Juba vanad kreeklased kasutasid selle tervendavat j\u00f5udu seedetrakti kaebuste, k\u00f6ha ja p\u00f5letiku vastu. Praeguseks peetakse seda suure fenoolisisalduse t\u00f5ttu looduslikuks antibiootikumiks<\/p>\n<p>Country of origin: Mexico<\/p>","protected":false},"excerpt":{"rendered":"<p>See oregano on p\u00e4rit Mehhikost ja on saanud palju p\u00e4ikest. <\/p>","protected":false},"featured_media":2627,"template":"","meta":[],"product_brand":[],"product_cat":[305],"product_tag":[],"class_list":{"0":"post-2597","1":"product","2":"type-product","3":"status-publish","4":"has-post-thumbnail","6":"product_cat-urdid-kulmkuivatatud-urdid","8":"first","9":"outofstock","10":"taxable","11":"shipping-taxable","12":"purchasable","13":"product-type-simple"},"_links":{"self":[{"href":"https:\/\/pipraveski.ee\/en\/wp-json\/wp\/v2\/product\/2597","targetHints":{"allow":["GET"]}}],"collection":[{"href":"https:\/\/pipraveski.ee\/en\/wp-json\/wp\/v2\/product"}],"about":[{"href":"https:\/\/pipraveski.ee\/en\/wp-json\/wp\/v2\/types\/product"}],"wp:featuredmedia":[{"embeddable":true,"href":"https:\/\/pipraveski.ee\/en\/wp-json\/wp\/v2\/media\/2627"}],"wp:attachment":[{"href":"https:\/\/pipraveski.ee\/en\/wp-json\/wp\/v2\/media?parent=2597"}],"wp:term":[{"taxonomy":"product_brand","embeddable":true,"href":"https:\/\/pipraveski.ee\/en\/wp-json\/wp\/v2\/product_brand?post=2597"},{"taxonomy":"product_cat","embeddable":true,"href":"https:\/\/pipraveski.ee\/en\/wp-json\/wp\/v2\/product_cat?post=2597"},{"taxonomy":"product_tag","embeddable":true,"href":"https:\/\/pipraveski.ee\/en\/wp-json\/wp\/v2\/product_tag?post=2597"}],"curies":[{"name":"wp","href":"https:\/\/api.w.org\/{rel}","templated":true}]}}