{"id":259,"date":"2025-10-22T19:01:32","date_gmt":"2025-10-22T16:01:32","guid":{"rendered":"https:\/\/pipraveski.ee\/?post_type=product&#038;p=259"},"modified":"2026-04-17T11:33:00","modified_gmt":"2026-04-17T08:33:00","slug":"piprasegu-tera-100g","status":"publish","type":"product","link":"https:\/\/pipraveski.ee\/en\/product\/piprasegu-tera-100g\/","title":{"rendered":"Pepper mix, grain, HELA, 100g"},"content":{"rendered":"<p>Piprama is a liana that grows in South America, South and Southeast Asia, and the Caribbean islands.<\/p>\n<p>Must, valge ning roheline pipar p\u00e4rinevad k\u00f5ik samalt taimelt. Erinevus tuleb sellest, et must pipar on keedetud ja k\u00fcpsetatud pooltoored seemned, valge pipar on kuivatatud k\u00fcpsed seemned, millelt koored on maha h\u00f5\u00f5rutud ning roheline pipar on kuivatatud pooltoored seemned.<\/p>\n<p>Kuna pipar kaotab \u00fcsna ruttu maitse ning l\u00f5hna, siis oleks hea seda lisada toitudele veidi enne valmimist, k\u00f5ige parem on v\u00e4rskelt jahvatatud pipar. Maitse ja l\u00f5hna poolest on valge pipar maal\u00e4hedasem, kreemikas, mitte nii v\u00e4ga aromaatne kuid siiski terav. Kasutatakse palju kastmetes, suppides, kartulitoitudes jmt.<\/p>\n<p>Koostisosad: must, valge, roheline ja rose pipar.<br \/>\nPiprasegu viiendaks pipraks v\u00f5ib ise juurde lisada v\u00fcrtsi ehk nelkpipart.<\/p>","protected":false},"excerpt":{"rendered":"<p>Piprataim on liaan, mis kasvab L\u00f5una-Ameerikas, L\u00f5una- ja Kagu-Aasias, Kariibi mere saartel. Must, valge ning roheline pipar p\u00e4rinevad k\u00f5ik samalt taimelt. Erinevus tuleb sellest, et must pipar on keedetud ja k\u00fcpsetatud pooltoored seemned, valge pipar on kuivatatud k\u00fcpsed seemned, millelt koored on maha h\u00f5\u00f5rutud ning roheline pipar on kuivatatud pooltoored seemned. Kuna pipar kaotab \u00fcsna [&hellip;]<\/p>\n","protected":false},"featured_media":288,"template":"","meta":[],"product_brand":[244],"product_cat":[338],"product_tag":[],"class_list":{"0":"post-259","1":"product","2":"type-product","3":"status-publish","4":"has-post-thumbnail","6":"product_brand-hela","7":"product_cat-puhtad-maitsed","9":"first","10":"outofstock","11":"taxable","12":"shipping-taxable","13":"purchasable","14":"product-type-simple"},"_links":{"self":[{"href":"https:\/\/pipraveski.ee\/en\/wp-json\/wp\/v2\/product\/259","targetHints":{"allow":["GET"]}}],"collection":[{"href":"https:\/\/pipraveski.ee\/en\/wp-json\/wp\/v2\/product"}],"about":[{"href":"https:\/\/pipraveski.ee\/en\/wp-json\/wp\/v2\/types\/product"}],"wp:featuredmedia":[{"embeddable":true,"href":"https:\/\/pipraveski.ee\/en\/wp-json\/wp\/v2\/media\/288"}],"wp:attachment":[{"href":"https:\/\/pipraveski.ee\/en\/wp-json\/wp\/v2\/media?parent=259"}],"wp:term":[{"taxonomy":"product_brand","embeddable":true,"href":"https:\/\/pipraveski.ee\/en\/wp-json\/wp\/v2\/product_brand?post=259"},{"taxonomy":"product_cat","embeddable":true,"href":"https:\/\/pipraveski.ee\/en\/wp-json\/wp\/v2\/product_cat?post=259"},{"taxonomy":"product_tag","embeddable":true,"href":"https:\/\/pipraveski.ee\/en\/wp-json\/wp\/v2\/product_tag?post=259"}],"curies":[{"name":"wp","href":"https:\/\/api.w.org\/{rel}","templated":true}]}}