{"id":258,"date":"2025-10-22T19:01:32","date_gmt":"2025-10-22T16:01:32","guid":{"rendered":"https:\/\/pipraveski.ee\/?post_type=product&#038;p=258"},"modified":"2026-04-17T11:31:47","modified_gmt":"2026-04-17T08:31:47","slug":"kruusjulefest-04l","status":"publish","type":"product","link":"https:\/\/pipraveski.ee\/en\/product\/kruusjulefest-04l\/","title":{"rendered":"Mug \u201dJulefest\u201d 0,4l"},"content":{"rendered":"<p>M\u00f5nusalt mahukas kruus talvisteks tee\u00f5htuteks.&nbsp;<br \/>\nKruusidel on kaks erineva pildi varianti.<br \/>\nE-poest tellides palume t\u00e4psustada&nbsp;pildisoov&nbsp;kas p\u00f5tradega v\u00f5i j\u00f5ulusokkidega&nbsp;lahtrisse &#8220;m\u00e4rkused&#8221;.<\/p>\n<p>Kruus on n\u00f5udepesu- ja mikrolaineahjukindel.<\/p>","protected":false},"excerpt":{"rendered":"<p>M\u00f5nusalt mahukas kruus talvisteks tee\u00f5htuteks.&nbsp; Kruusidel on kaks erineva pildi varianti. E-poest tellides palume t\u00e4psustada&nbsp;pildisoov&nbsp;kas p\u00f5tradega v\u00f5i j\u00f5ulusokkidega&nbsp;lahtrisse &#8220;m\u00e4rkused&#8221;. Kruus on n\u00f5udepesu- ja mikrolaineahjukindel.<\/p>","protected":false},"featured_media":287,"template":"","meta":[],"product_brand":[],"product_cat":[330],"product_tag":[],"class_list":{"0":"post-258","1":"product","2":"type-product","3":"status-publish","4":"has-post-thumbnail","6":"product_cat-koogitarvikud","8":"first","9":"instock","10":"taxable","11":"shipping-taxable","12":"purchasable","13":"product-type-simple"},"_links":{"self":[{"href":"https:\/\/pipraveski.ee\/en\/wp-json\/wp\/v2\/product\/258","targetHints":{"allow":["GET"]}}],"collection":[{"href":"https:\/\/pipraveski.ee\/en\/wp-json\/wp\/v2\/product"}],"about":[{"href":"https:\/\/pipraveski.ee\/en\/wp-json\/wp\/v2\/types\/product"}],"wp:featuredmedia":[{"embeddable":true,"href":"https:\/\/pipraveski.ee\/en\/wp-json\/wp\/v2\/media\/287"}],"wp:attachment":[{"href":"https:\/\/pipraveski.ee\/en\/wp-json\/wp\/v2\/media?parent=258"}],"wp:term":[{"taxonomy":"product_brand","embeddable":true,"href":"https:\/\/pipraveski.ee\/en\/wp-json\/wp\/v2\/product_brand?post=258"},{"taxonomy":"product_cat","embeddable":true,"href":"https:\/\/pipraveski.ee\/en\/wp-json\/wp\/v2\/product_cat?post=258"},{"taxonomy":"product_tag","embeddable":true,"href":"https:\/\/pipraveski.ee\/en\/wp-json\/wp\/v2\/product_tag?post=258"}],"curies":[{"name":"wp","href":"https:\/\/api.w.org\/{rel}","templated":true}]}}