{"id":2557,"date":"2025-10-22T19:10:36","date_gmt":"2025-10-22T16:10:36","guid":{"rendered":"https:\/\/pipraveski.ee\/?post_type=product&#038;p=2557"},"modified":"2026-04-17T11:32:08","modified_gmt":"2026-04-17T08:32:08","slug":"tsillikaunad-guajillo-50g","status":"publish","type":"product","link":"https:\/\/pipraveski.ee\/en\/product\/tsillikaunad-guajillo-50g\/","title":{"rendered":"T\u0161illikaunad, Guajillo, 50g"},"content":{"rendered":"<p>Terved kuivatatud varrega Guajillo t\u0161illid<br \/>\nGuajillo t\u0161illit kasutatakse&nbsp;laialdaselt Mehhiko k\u00f6\u00f6gis. T\u0161illid on keskmise kuumuse ja s\u00fcgavpunase v\u00e4rvusega. Neil on erakordne maitse: marjatooniga puuviljane rohelise tee maitse koos tanniini- ja m\u00e4nninootidega.<\/p>\n<p>See v\u00fcrtsikas maitse sobib paljudele roogadele, n\u00e4iteks lihaga, eriti kanalihaga, ja hautiste jaoks. Mehhiko k\u00f6\u00f6gis kasutatakse neid traditsiooniliselt Pozole (mais-liha-hautis)&nbsp; jaoks, Pancita (k\u00fcpsetis tomatikastmes), Mixiotes (lambalihahautis) v\u00f5i kuulus molekaste.<\/p>\n<p>&nbsp;<\/p>","protected":false},"excerpt":{"rendered":"<p>Neil on erakordne maitse: marjatooniga puuviljane rohelise tee maitse koos tanniini- ja m\u00e4nninootidega.<\/p>","protected":false},"featured_media":5972,"template":"","meta":[],"product_brand":[],"product_cat":[338],"product_tag":[],"class_list":{"0":"post-2557","1":"product","2":"type-product","3":"status-publish","4":"has-post-thumbnail","6":"product_cat-puhtad-maitsed","8":"first","9":"instock","10":"taxable","11":"shipping-taxable","12":"purchasable","13":"product-type-simple"},"_links":{"self":[{"href":"https:\/\/pipraveski.ee\/en\/wp-json\/wp\/v2\/product\/2557","targetHints":{"allow":["GET"]}}],"collection":[{"href":"https:\/\/pipraveski.ee\/en\/wp-json\/wp\/v2\/product"}],"about":[{"href":"https:\/\/pipraveski.ee\/en\/wp-json\/wp\/v2\/types\/product"}],"wp:featuredmedia":[{"embeddable":true,"href":"https:\/\/pipraveski.ee\/en\/wp-json\/wp\/v2\/media\/5972"}],"wp:attachment":[{"href":"https:\/\/pipraveski.ee\/en\/wp-json\/wp\/v2\/media?parent=2557"}],"wp:term":[{"taxonomy":"product_brand","embeddable":true,"href":"https:\/\/pipraveski.ee\/en\/wp-json\/wp\/v2\/product_brand?post=2557"},{"taxonomy":"product_cat","embeddable":true,"href":"https:\/\/pipraveski.ee\/en\/wp-json\/wp\/v2\/product_cat?post=2557"},{"taxonomy":"product_tag","embeddable":true,"href":"https:\/\/pipraveski.ee\/en\/wp-json\/wp\/v2\/product_tag?post=2557"}],"curies":[{"name":"wp","href":"https:\/\/api.w.org\/{rel}","templated":true}]}}