{"id":2554,"date":"2025-10-22T19:10:36","date_gmt":"2025-10-22T16:10:36","guid":{"rendered":"https:\/\/pipraveski.ee\/?post_type=product&#038;p=2554"},"modified":"2026-04-17T11:32:32","modified_gmt":"2026-04-17T08:32:32","slug":"marineeritud-koogiviljad-vaga-terav-pataks-283g","status":"publish","type":"product","link":"https:\/\/pipraveski.ee\/en\/product\/marineeritud-koogiviljad-vaga-terav-pataks-283g\/","title":{"rendered":"Pickled vegetables, very spicy, Patak\u00b4s, 283g"},"content":{"rendered":"<p>&#8220;Pickle&#8221; on ingliskeelne termin marineeritud puu- v\u00f5i juurvilja kohta, mis tavaliselt p\u00fcreestatakse homogeenseks massiks. Tasakaalustatud kombinatsioon mangomahlast, laimi hapukas viljalihast ja karandast koos tulise t\u0161illipipra ja autentsete India v\u00fcrtsidega teeb Patak&#8217;s Mixed Picklest t\u00e4iusliku kuuma lisandi. Marineeritud k\u00f6\u00f6giviljad harmoneeruvad suurep\u00e4raselt liharoogadega. Rikastage oma lemmikkarrisid ja salateid selle maitsva hapukurgiga v\u00f5i kasutage Patak&#8217;s Mixed Pickle dipikastmena naani ja pappadumiga.<\/p>\n<p>Koostisained:&nbsp;Puuviljad (38%) [mango, laim], k\u00f6\u00f6giviljad (33% [porgand, roheline t\u0161illi, rapsi\u00f5li, sool, hape (\u00e4\u00e4dikhape), v\u00fcrtsid, apteegitilliseemned, SINEPipulber, purustatud SINEPiseemned, ajwaini seemned, lambal\u00e4\u00e4tseseemned, K\u00f6\u00f6mned, musta Kalonji seemned<\/p>\n<p>Toitumisalane teave 100g kohta<br \/>\nEnergiasisaldus 1068 kJ \/ 259 kcal<br \/>\nRasvad 25,7 g<br \/>\nmillest k\u00fcllastunud rasvhapped 1,7 g<br \/>\nS\u00fcsivesikud 4,7 g<br \/>\nmillest suhkrud 3 g<br \/>\nKiudained 0,8 g<br \/>\nValgud 2,3 g<br \/>\nSool 2,8 g<\/p>\n","protected":false},"excerpt":{"rendered":"<p>&#8220;Pickle&#8221; on ingliskeelne termin marineeritud puu- v\u00f5i juurvilja kohta, mis tavaliselt p\u00fcreestatakse homogeenseks massiks. Tasakaalustatud kombinatsioon mangomahlast, laimi hapukas viljalihast ja karandast koos tulise t\u0161illipipra ja autentsete India v\u00fcrtsidega teeb Patak&#8217;s Mixed Picklest t\u00e4iusliku kuuma lisandi. Marineeritud k\u00f6\u00f6giviljad harmoneeruvad suurep\u00e4raselt liharoogadega. Rikastage oma lemmikkarrisid ja salateid selle maitsva hapukurgiga v\u00f5i kasutage Patak&#8217;s Mixed Pickle dipikastmena naani ja pappadumiga.<\/p>","protected":false},"featured_media":2585,"template":"","meta":[],"product_brand":[245],"product_cat":[317],"product_tag":[],"class_list":{"0":"post-2554","1":"product","2":"type-product","3":"status-publish","4":"has-post-thumbnail","6":"product_brand-pataks","7":"product_cat-kastmed-sinepid-tsatnid","9":"first","10":"instock","11":"taxable","12":"shipping-taxable","13":"purchasable","14":"product-type-simple"},"_links":{"self":[{"href":"https:\/\/pipraveski.ee\/en\/wp-json\/wp\/v2\/product\/2554","targetHints":{"allow":["GET"]}}],"collection":[{"href":"https:\/\/pipraveski.ee\/en\/wp-json\/wp\/v2\/product"}],"about":[{"href":"https:\/\/pipraveski.ee\/en\/wp-json\/wp\/v2\/types\/product"}],"wp:featuredmedia":[{"embeddable":true,"href":"https:\/\/pipraveski.ee\/en\/wp-json\/wp\/v2\/media\/2585"}],"wp:attachment":[{"href":"https:\/\/pipraveski.ee\/en\/wp-json\/wp\/v2\/media?parent=2554"}],"wp:term":[{"taxonomy":"product_brand","embeddable":true,"href":"https:\/\/pipraveski.ee\/en\/wp-json\/wp\/v2\/product_brand?post=2554"},{"taxonomy":"product_cat","embeddable":true,"href":"https:\/\/pipraveski.ee\/en\/wp-json\/wp\/v2\/product_cat?post=2554"},{"taxonomy":"product_tag","embeddable":true,"href":"https:\/\/pipraveski.ee\/en\/wp-json\/wp\/v2\/product_tag?post=2554"}],"curies":[{"name":"wp","href":"https:\/\/api.w.org\/{rel}","templated":true}]}}