{"id":2550,"date":"2025-10-22T19:10:36","date_gmt":"2025-10-22T16:10:36","guid":{"rendered":"https:\/\/pipraveski.ee\/?post_type=product&#038;p=2550"},"modified":"2026-04-17T11:32:26","modified_gmt":"2026-04-17T08:32:26","slug":"maapahklid-krobeda-wasabi-kattega-khao-shong-140g","status":"publish","type":"product","link":"https:\/\/pipraveski.ee\/en\/product\/maapahklid-krobeda-wasabi-kattega-khao-shong-140g\/","title":{"rendered":"Peanuts, crunchy wasabi topping, Khao Shong, 140g"},"content":{"rendered":"<p>Maap\u00e4hklite kestaks kasutatakse kleepuva riisi, sojakastme, suhkru ja wasabi segu ning l\u00f5pptootel on m\u00e4rkimisv\u00e4\u00e4rne teravuse ja magususe maitsekooslus koos maap\u00e4hklite umami h\u00f5nguga.&nbsp;<\/p>\n<p>Koostisained: MAAP\u00c4HKLID 70%, NISUjahu, kleepuv riisijahu, suhkur, SOJAkaste( SOJAOAD, NISUjahu,sool, vesi)&nbsp; Wasabi pulber 1%, Palmi\u00f5li, v\u00e4rvained:&nbsp;E133, E102 (v\u00f5ib avaldada kahjulikku m\u00f5ju laste aktiivsusele ja t\u00e4helepanuv\u00f5imele)<br \/>\nAllergiaalane teave:&nbsp;Toode v\u00f5ib sisaldada j\u00e4lgi koorikloomadest, kalast, piimast, p\u00e4hklitest, sinepist, seesamiseemnetest, molluskitest<\/p>\n<p><span style=\"font-size: 13px\">Nutrition information per 100g:<\/span><br style=\"font-size: 13px\" \/><br \/>\n<span style=\"font-size: 13px\">Energiasisaldus 2288 kJ \/ 550 kcal<\/span><br style=\"font-size: 13px\" \/><br \/>\n<span style=\"font-size: 13px\">Rasvad 37,5g<\/span><br style=\"font-size: 13px\" \/><br \/>\n<span style=\"font-size: 13px\">millest k\u00fcllastunud rasvhapped 7,1g<\/span><br style=\"font-size: 13px\" \/><br \/>\n<span style=\"font-size: 13px\">S\u00fcsivesikud 26 g<\/span><br style=\"font-size: 13px\" \/><br \/>\n<span style=\"font-size: 13px\">millest suhkrud 7,6 g<\/span><br style=\"font-size: 13px\" \/><br \/>\n<span style=\"font-size: 13px\">Valgud 23,7 g<\/span><br style=\"font-size: 13px\" \/><br \/>\n<span style=\"font-size: 13px\">Salt 1,1 g<\/p>\n<p>Country of origin: Thailand<\/span><\/p>","protected":false},"excerpt":{"rendered":"<p>See Khao Shongi toode kasutab maap\u00e4hklite maitsestamiseks Jaapani v\u00fcrtsi- wasabit. <\/p>","protected":false},"featured_media":2581,"template":"","meta":[],"product_brand":[],"product_cat":[324],"product_tag":[],"class_list":{"0":"post-2550","1":"product","2":"type-product","3":"status-publish","4":"has-post-thumbnail","6":"product_cat-maiustused-snakid","8":"first","9":"instock","10":"taxable","11":"shipping-taxable","12":"purchasable","13":"product-type-simple"},"_links":{"self":[{"href":"https:\/\/pipraveski.ee\/en\/wp-json\/wp\/v2\/product\/2550","targetHints":{"allow":["GET"]}}],"collection":[{"href":"https:\/\/pipraveski.ee\/en\/wp-json\/wp\/v2\/product"}],"about":[{"href":"https:\/\/pipraveski.ee\/en\/wp-json\/wp\/v2\/types\/product"}],"wp:featuredmedia":[{"embeddable":true,"href":"https:\/\/pipraveski.ee\/en\/wp-json\/wp\/v2\/media\/2581"}],"wp:attachment":[{"href":"https:\/\/pipraveski.ee\/en\/wp-json\/wp\/v2\/media?parent=2550"}],"wp:term":[{"taxonomy":"product_brand","embeddable":true,"href":"https:\/\/pipraveski.ee\/en\/wp-json\/wp\/v2\/product_brand?post=2550"},{"taxonomy":"product_cat","embeddable":true,"href":"https:\/\/pipraveski.ee\/en\/wp-json\/wp\/v2\/product_cat?post=2550"},{"taxonomy":"product_tag","embeddable":true,"href":"https:\/\/pipraveski.ee\/en\/wp-json\/wp\/v2\/product_tag?post=2550"}],"curies":[{"name":"wp","href":"https:\/\/api.w.org\/{rel}","templated":true}]}}