{"id":2549,"date":"2025-10-22T19:10:36","date_gmt":"2025-10-22T16:10:36","guid":{"rendered":"https:\/\/pipraveski.ee\/?post_type=product&#038;p=2549"},"modified":"2026-04-17T11:32:43","modified_gmt":"2026-04-17T08:32:43","slug":"sichuani-pipar-320g","status":"publish","type":"product","link":"https:\/\/pipraveski.ee\/en\/product\/sichuani-pipar-320g\/","title":{"rendered":"Sichuan pepper, 320g"},"content":{"rendered":"<p>Sichuan (Szchesuan) pepper is also known as Chinese coriander.<br \/>\nIt is widely used in Chinese and Indian cuisine. It is not really pepper or chilli, Sichuan pepper belongs to the same family as citrus. The taste and smell is quite unique and different from other peppers (black, white pepper, chilli). It goes well with meat marinades or fried vegetables.<\/p>\n<p>Sichuan's taste is sharp, rather mild and sour, lemony, with a slightly numbing, astringent, layered sensation (something similar to drinking carbonated drinks).&nbsp;<br \/>\nDry roast before consumption.<\/p>","protected":false},"excerpt":{"rendered":"<p>Sichuani (Szchesuan) pipar on tuntud ka kui Hiina koriander. Kasutatakse palju Hiina ning India k\u00f6\u00f6gis. Tegemist ei ole p\u00e4ris pipra v\u00f5i t\u0161illiga,&nbsp;sichuani pipar kuulub samasse perekonda kus on tsitruselised. Maitse ning l\u00f5hn on \u00fcsna unikaalne ning erinev teistest pipardest (must, valge pipar, t\u0161illi). Sobib h\u00e4sti n\u00e4iteks lihamarinaadidele v\u00f5i praetud k\u00f6\u00f6gviljadele. Sichuani maitse on &nbsp;terav, pigem [&hellip;]<\/p>\n","protected":false},"featured_media":2580,"template":"","meta":[],"product_brand":[],"product_cat":[338],"product_tag":[],"class_list":{"0":"post-2549","1":"product","2":"type-product","3":"status-publish","4":"has-post-thumbnail","6":"product_cat-puhtad-maitsed","8":"first","9":"instock","10":"taxable","11":"shipping-taxable","12":"purchasable","13":"product-type-simple"},"_links":{"self":[{"href":"https:\/\/pipraveski.ee\/en\/wp-json\/wp\/v2\/product\/2549","targetHints":{"allow":["GET"]}}],"collection":[{"href":"https:\/\/pipraveski.ee\/en\/wp-json\/wp\/v2\/product"}],"about":[{"href":"https:\/\/pipraveski.ee\/en\/wp-json\/wp\/v2\/types\/product"}],"wp:featuredmedia":[{"embeddable":true,"href":"https:\/\/pipraveski.ee\/en\/wp-json\/wp\/v2\/media\/2580"}],"wp:attachment":[{"href":"https:\/\/pipraveski.ee\/en\/wp-json\/wp\/v2\/media?parent=2549"}],"wp:term":[{"taxonomy":"product_brand","embeddable":true,"href":"https:\/\/pipraveski.ee\/en\/wp-json\/wp\/v2\/product_brand?post=2549"},{"taxonomy":"product_cat","embeddable":true,"href":"https:\/\/pipraveski.ee\/en\/wp-json\/wp\/v2\/product_cat?post=2549"},{"taxonomy":"product_tag","embeddable":true,"href":"https:\/\/pipraveski.ee\/en\/wp-json\/wp\/v2\/product_tag?post=2549"}],"curies":[{"name":"wp","href":"https:\/\/api.w.org\/{rel}","templated":true}]}}