{"id":2547,"date":"2025-10-22T19:10:35","date_gmt":"2025-10-22T16:10:35","guid":{"rendered":"https:\/\/pipraveski.ee\/?post_type=product&#038;p=2547"},"modified":"2026-04-17T11:33:06","modified_gmt":"2026-04-17T08:33:06","slug":"pekingi-pardikaste-lkk-383g","status":"publish","type":"product","link":"https:\/\/pipraveski.ee\/en\/product\/pekingi-pardikaste-lkk-383g\/","title":{"rendered":"Peking duck sauce, LKK, 383g"},"content":{"rendered":"<p>Pekingi pardi kaste sobib h\u00e4sti Pekingi pardiroa juurde, panniroogade ja wokkide maitsestamiseks kui ka dipi kastmeks grillitud ja r\u00f6stitud lihale.<\/p>\n<p>Pekingi part on Hiina p\u00e4ritolu populaarne k\u00fcpsetatud pardiroog, mis tuntud h\u00f5rgult pehme pardiliha ja m\u00f5nusalt kr\u00f5mpsu naha poolest.<\/p>\n<p>Koostisosad: suhkur, fermenteeritud SOJAoa pasta (vesi, sool, SOJAoad, NISUjahu), vesi, tomatipasta, soolatud ploomid, SEESAMIpasta, SOJAoa \u00f5li, v\u00e4rvaine: E150a, paksendaja: modifitseeritud maisit\u00e4rklis, v\u00fcrtsid, stabilisaator E415 (SOJAoad, NISU), maitsetugevdajad: E631, E627.<\/p>\n<p>Nutrition information per 100g:<br \/>\nEnergiasisaldus 1089kJ\/258kcal<br \/>\nRasvad 6,4g<br \/>\nmillest k\u00fcllastunud rasvhapped 1,3g<br \/>\nS\u00fcsivesikud 47,5g<br \/>\nmillest suhkrud 43,4g<br \/>\nValgud 2,6g<br \/>\nSalt 1,8g<\/p>","protected":false},"excerpt":{"rendered":"<p>Pekingi pardi maitsestamiseks, panniroogadele, wokiroogdele, dipiks<\/p>","protected":false},"featured_media":2578,"template":"","meta":[],"product_brand":[242],"product_cat":[317],"product_tag":[],"class_list":{"0":"post-2547","1":"product","2":"type-product","3":"status-publish","4":"has-post-thumbnail","6":"product_brand-lee-kum-kee","7":"product_cat-kastmed-sinepid-tsatnid","9":"first","10":"instock","11":"taxable","12":"shipping-taxable","13":"purchasable","14":"product-type-simple"},"_links":{"self":[{"href":"https:\/\/pipraveski.ee\/en\/wp-json\/wp\/v2\/product\/2547","targetHints":{"allow":["GET"]}}],"collection":[{"href":"https:\/\/pipraveski.ee\/en\/wp-json\/wp\/v2\/product"}],"about":[{"href":"https:\/\/pipraveski.ee\/en\/wp-json\/wp\/v2\/types\/product"}],"wp:featuredmedia":[{"embeddable":true,"href":"https:\/\/pipraveski.ee\/en\/wp-json\/wp\/v2\/media\/2578"}],"wp:attachment":[{"href":"https:\/\/pipraveski.ee\/en\/wp-json\/wp\/v2\/media?parent=2547"}],"wp:term":[{"taxonomy":"product_brand","embeddable":true,"href":"https:\/\/pipraveski.ee\/en\/wp-json\/wp\/v2\/product_brand?post=2547"},{"taxonomy":"product_cat","embeddable":true,"href":"https:\/\/pipraveski.ee\/en\/wp-json\/wp\/v2\/product_cat?post=2547"},{"taxonomy":"product_tag","embeddable":true,"href":"https:\/\/pipraveski.ee\/en\/wp-json\/wp\/v2\/product_tag?post=2547"}],"curies":[{"name":"wp","href":"https:\/\/api.w.org\/{rel}","templated":true}]}}