{"id":254,"date":"2025-10-22T19:01:32","date_gmt":"2025-10-22T16:01:32","guid":{"rendered":"https:\/\/pipraveski.ee\/?post_type=product&#038;p=254"},"modified":"2026-04-17T11:31:48","modified_gmt":"2026-04-17T08:31:48","slug":"kaste-greibi-marie-sharps-148ml","status":"publish","type":"product","link":"https:\/\/pipraveski.ee\/en\/product\/kaste-greibi-marie-sharps-148ml\/","title":{"rendered":"Sauce, grapefruit, Marie Sharp's, 148ml"},"content":{"rendered":"<p><span style=\"font-size:12px\"><span style=\", sans-serif\">Tuline ja puuviljane. Lisaks kollakaskuldsetele Habanero t\u0161illidele sisaldab see kaste ka palju greipi ja annab paljudele roogadele ainulaadse eksootiliselt v\u00fcrtsika maitse. Veidi erinev Habanero kaste. Kulinaarse, eksootilise ja kerge k\u00f6\u00f6gi jaoks, millel on pehme ja v\u00fcrtsikas noot.<\/p>\n<p>Sobib mereandide, linnuliha, salatite, guacamole ja salsa, spetsiaalsete Margarita variantide ja palju muu jaoks.<\/span><\/span><\/p>\n<p><strong>Ingredients:<\/strong> <span style=\"font-size:12px\">kollane Habanero t\u0161illi, greip, sibul, laim, \u00e4\u00e4dikas, k\u00fc\u00fcslauk, sool.<\/span><\/p>\n<p><strong>Nutrition information per 100g:<\/strong><br \/>\nEnergiasisaldus 159 kJ \/ 38 kcal<br \/>\nFat 0,5g<br \/>\nMillest k\u00fcllastunud rasvhapped 0,05g<br \/>\nS\u00fcsivesikud 6,6g<br \/>\nMillest suhkrud 6,4g<br \/>\nProtein 1,0g<br \/>\nSalt 3,0g<\/p>\n<p>\n<strong>Storage:<\/strong> p\u00e4rast avamist s\u00e4ilib toode temperatuuril alla 7 kraadi v\u00e4hemalt 6 kuud.<\/p>","protected":false},"excerpt":{"rendered":"<p>Tuline ja puuviljane. Lisaks kollakaskuldsetele Habanero t\u0161illidele sisaldab see kaste ka palju greipi ja annab paljudele roogadele ainulaadse eksootiliselt v\u00fcrtsika maitse. Veidi erinev Habanero kaste. Kulinaarse, eksootilise ja kerge k\u00f6\u00f6gi jaoks, millel on pehme ja v\u00fcrtsikas noot. Sobib mereandide, linnuliha, salatite, guacamole ja salsa, spetsiaalsete Margarita variantide ja palju muu jaoks. Koostisosad: kollane Habanero t\u0161illi, [&hellip;]<\/p>\n","protected":false},"featured_media":283,"template":"","meta":[],"product_brand":[],"product_cat":[317],"product_tag":[],"class_list":{"0":"post-254","1":"product","2":"type-product","3":"status-publish","4":"has-post-thumbnail","6":"product_cat-kastmed-sinepid-tsatnid","8":"first","9":"outofstock","10":"taxable","11":"shipping-taxable","12":"purchasable","13":"product-type-simple"},"_links":{"self":[{"href":"https:\/\/pipraveski.ee\/en\/wp-json\/wp\/v2\/product\/254","targetHints":{"allow":["GET"]}}],"collection":[{"href":"https:\/\/pipraveski.ee\/en\/wp-json\/wp\/v2\/product"}],"about":[{"href":"https:\/\/pipraveski.ee\/en\/wp-json\/wp\/v2\/types\/product"}],"wp:featuredmedia":[{"embeddable":true,"href":"https:\/\/pipraveski.ee\/en\/wp-json\/wp\/v2\/media\/283"}],"wp:attachment":[{"href":"https:\/\/pipraveski.ee\/en\/wp-json\/wp\/v2\/media?parent=254"}],"wp:term":[{"taxonomy":"product_brand","embeddable":true,"href":"https:\/\/pipraveski.ee\/en\/wp-json\/wp\/v2\/product_brand?post=254"},{"taxonomy":"product_cat","embeddable":true,"href":"https:\/\/pipraveski.ee\/en\/wp-json\/wp\/v2\/product_cat?post=254"},{"taxonomy":"product_tag","embeddable":true,"href":"https:\/\/pipraveski.ee\/en\/wp-json\/wp\/v2\/product_tag?post=254"}],"curies":[{"name":"wp","href":"https:\/\/api.w.org\/{rel}","templated":true}]}}