{"id":2535,"date":"2025-10-22T19:10:35","date_gmt":"2025-10-22T16:10:35","guid":{"rendered":"https:\/\/pipraveski.ee\/?post_type=product&#038;p=2535"},"modified":"2026-04-17T11:32:26","modified_gmt":"2026-04-17T08:32:26","slug":"oliivioli-kuuslauguga-kulmpressitud-galantino-250-ml","status":"publish","type":"product","link":"https:\/\/pipraveski.ee\/en\/product\/oliivioli-kuuslauguga-kulmpressitud-galantino-250-ml\/","title":{"rendered":"Olive oil with garlic, cold pressed, Galantino, 250 ml"},"content":{"rendered":"<p><span style=\"font-size:14px\"><span style=\"font-family: Roboto, sans-serif\">K\u00fclmpressitud oliivi\u00f5li, mis pressitakse traditsiooniliselt graniidist veskikivide vahel. \u00d5li on maitsestatud v\u00e4rske k\u00fc\u00fcslauguga. Sobib suurep\u00e4raselt suppide, pasta, k\u00f6\u00f6giviljade ja bruschettaga.<\/p>\n<p><strong>Ingredients:<\/strong> Ekstra neitsioliivi\u00f5li 99%, k\u00fc\u00fcslauk 1%.<\/span><\/span><\/p>\n<p><span style=\"font-family: Roboto, sans-serif;font-size: 14px\">Nutrition information per 100ml:<\/span><br \/>\n<span style=\"font-size:14px\"><span style=\"font-family: Roboto, sans-serif\">Energy content&nbsp;<\/span><span style=\"font-family: Roboto, sans-serif\">3389kj\/ 824kcal<\/span><br style=\"font-family: Roboto, sans-serif;font-size: 18px\" \/><br \/>\n<span style=\"font-family: Roboto, sans-serif\">Fats 92g<\/span><br style=\"font-family: Roboto, sans-serif;font-size: 18px\" \/><br \/>\n<span style=\"font-family: Roboto, sans-serif\">millest k\u00fcllastunud rasvhapped 13g<\/span><br style=\"font-family: Roboto, sans-serif;font-size: 18px\" \/><br \/>\n<span style=\"font-family: Roboto, sans-serif\">S\u00fcsivesikuid 0g<\/span><br style=\"font-family: Roboto, sans-serif;font-size: 18px\" \/><br \/>\n<span style=\"font-family: Roboto, sans-serif\">of which sugars 0g<\/span><br style=\"font-family: Roboto, sans-serif;font-size: 18px\" \/><br \/>\n<span style=\"font-family: Roboto, sans-serif\">Protein 0g<\/span><br style=\"font-family: Roboto, sans-serif;font-size: 18px\" \/><br \/>\n<span style=\"font-family: Roboto, sans-serif\">Salt 0g<\/span><\/span><\/p>\n<p>Country of origin: Italy<\/p>","protected":false},"excerpt":{"rendered":"<p>See ekstra neitsioliivi\u00f5li on toodetud looduslikul meetodil, purustades lihtsalt k\u00fcpsed oliivid ja v\u00e4rske k\u00fc\u00fcslauk ilma essentse lisamata. <\/p>","protected":false},"featured_media":5416,"template":"","meta":[],"product_brand":[],"product_cat":[315],"product_tag":[],"class_list":{"0":"post-2535","1":"product","2":"type-product","3":"status-publish","4":"has-post-thumbnail","6":"product_cat-olid-rasvad","8":"first","9":"instock","10":"taxable","11":"shipping-taxable","12":"purchasable","13":"product-type-simple"},"_links":{"self":[{"href":"https:\/\/pipraveski.ee\/en\/wp-json\/wp\/v2\/product\/2535","targetHints":{"allow":["GET"]}}],"collection":[{"href":"https:\/\/pipraveski.ee\/en\/wp-json\/wp\/v2\/product"}],"about":[{"href":"https:\/\/pipraveski.ee\/en\/wp-json\/wp\/v2\/types\/product"}],"wp:featuredmedia":[{"embeddable":true,"href":"https:\/\/pipraveski.ee\/en\/wp-json\/wp\/v2\/media\/5416"}],"wp:attachment":[{"href":"https:\/\/pipraveski.ee\/en\/wp-json\/wp\/v2\/media?parent=2535"}],"wp:term":[{"taxonomy":"product_brand","embeddable":true,"href":"https:\/\/pipraveski.ee\/en\/wp-json\/wp\/v2\/product_brand?post=2535"},{"taxonomy":"product_cat","embeddable":true,"href":"https:\/\/pipraveski.ee\/en\/wp-json\/wp\/v2\/product_cat?post=2535"},{"taxonomy":"product_tag","embeddable":true,"href":"https:\/\/pipraveski.ee\/en\/wp-json\/wp\/v2\/product_tag?post=2535"}],"curies":[{"name":"wp","href":"https:\/\/api.w.org\/{rel}","templated":true}]}}