{"id":253,"date":"2025-10-22T19:01:32","date_gmt":"2025-10-22T16:01:32","guid":{"rendered":"https:\/\/pipraveski.ee\/?post_type=product&#038;p=253"},"modified":"2026-04-17T11:31:54","modified_gmt":"2026-04-17T08:31:54","slug":"jaapaniparane-karrikaste-ahg-50g","status":"publish","type":"product","link":"https:\/\/pipraveski.ee\/en\/product\/jaapaniparane-karrikaste-ahg-50g\/","title":{"rendered":"Japanese curry sauce, AHG, 50g"},"content":{"rendered":"<p>V\u00fcrtsipasta jaapanip\u00e4rasele karrikastmele.<\/p>\n<p>Koostisosad: sibul, SOJA\u00f5li, sool, pruun suhkur, vesi, ingver, k\u00fc\u00fcslauk, mesi, punased t\u0161illipiparad, p\u00e4rmiekstrakt, h\u00fcdrol\u00fc\u00fcsitud k\u00f6\u00f6givili, MUNAvalge (SOJA, mais), must koriander, kollajuur, kardemon, kaneel, maitsetugevdaja: E635, happesuse regulaator: \u00f5unhape.<\/p>\n<p><span style=\"font-size: 13px\">Nutrition information per 100g<\/span><br style=\"font-size: 13px\" \/><br \/>\n<span style=\"font-size: 13px\">Energiasisaldus 913 kJ \/ 218 kcal<\/span><br style=\"font-size: 13px\" \/><br \/>\n<span style=\"font-size: 13px\">Fats 13g<\/span><br style=\"font-size: 13px\" \/><br \/>\n<span style=\"font-size: 13px\">millest k\u00fcllastnunud rasvhapped 2,4g<\/span><br style=\"font-size: 13px\" \/><br \/>\n<span style=\"font-size: 13px\">S\u00fcsivesikud 16g<\/span><br style=\"font-size: 13px\" \/><br \/>\n<span style=\"font-size: 13px\">millest suhkrud 16g<\/span><br style=\"font-size: 13px\" \/><br \/>\n<span style=\"font-size: 13px\">Protein 4,8g<\/span><br style=\"font-size: 13px\" \/><br \/>\n<span style=\"font-size: 13px\">Sool 12,6g<\/span><br style=\"font-size: 13px\" \/><br \/>\n<br style=\"font-size: 13px\" \/><br \/>\n<span style=\"font-size: 13px\">Country of origin: United Kingdom<\/span><\/p>\n<p>Usage:<br \/>\n1 kott Jaapani karrikastmes<br \/>\n200 g kana, t\u00fckeldatud<br \/>\ntaime\u00f5li<br \/>\n100 g hakitud sibulat<br \/>\n250g kartulit, t\u00fckeldatud<br \/>\n100g porgand, t\u00fckeldatud<br \/>\n440 ml vett<br \/>\nnisu v\u00f5i maisijahu<\/p>","protected":false},"excerpt":{"rendered":"<p>V\u00fcrtsipasta jaapanip\u00e4rasele karrikastmele.<\/p>","protected":false},"featured_media":282,"template":"","meta":[],"product_brand":[266],"product_cat":[308],"product_tag":[],"class_list":{"0":"post-253","1":"product","2":"type-product","3":"status-publish","4":"has-post-thumbnail","6":"product_brand-ahg","7":"product_cat-maitseaine-pastad-kastmed","9":"first","10":"instock","11":"taxable","12":"shipping-taxable","13":"purchasable","14":"product-type-simple"},"_links":{"self":[{"href":"https:\/\/pipraveski.ee\/en\/wp-json\/wp\/v2\/product\/253","targetHints":{"allow":["GET"]}}],"collection":[{"href":"https:\/\/pipraveski.ee\/en\/wp-json\/wp\/v2\/product"}],"about":[{"href":"https:\/\/pipraveski.ee\/en\/wp-json\/wp\/v2\/types\/product"}],"wp:featuredmedia":[{"embeddable":true,"href":"https:\/\/pipraveski.ee\/en\/wp-json\/wp\/v2\/media\/282"}],"wp:attachment":[{"href":"https:\/\/pipraveski.ee\/en\/wp-json\/wp\/v2\/media?parent=253"}],"wp:term":[{"taxonomy":"product_brand","embeddable":true,"href":"https:\/\/pipraveski.ee\/en\/wp-json\/wp\/v2\/product_brand?post=253"},{"taxonomy":"product_cat","embeddable":true,"href":"https:\/\/pipraveski.ee\/en\/wp-json\/wp\/v2\/product_cat?post=253"},{"taxonomy":"product_tag","embeddable":true,"href":"https:\/\/pipraveski.ee\/en\/wp-json\/wp\/v2\/product_tag?post=253"}],"curies":[{"name":"wp","href":"https:\/\/api.w.org\/{rel}","templated":true}]}}