{"id":2497,"date":"2025-10-22T19:10:22","date_gmt":"2025-10-22T16:10:22","guid":{"rendered":"https:\/\/pipraveski.ee\/?post_type=product&#038;p=2497"},"modified":"2026-04-17T11:32:16","modified_gmt":"2026-04-17T08:32:16","slug":"kiirnuudlid-mi-goreng-mama-80g","status":"publish","type":"product","link":"https:\/\/pipraveski.ee\/en\/product\/kiirnuudlid-mi-goreng-mama-80g\/","title":{"rendered":"Kiwi noodles, Mi Goreng, MAMA, 80g"},"content":{"rendered":"<p>Koostisosad: NISUjahu, modifitseeritud tapioki t\u00e4rklis, Palmi\u00f5li, sool, suhkur, kuivatatud jurviljad (kapsas, shitaake seened, roheline sibul) maitsetugevdaja E621, E635) v\u00fcrtsid, maitaine (seller), miso pulber, (SOJAuba) t\u0161illipulber, V\u00e4rvained( paprika, karamell) , happesuse regulaator ( E500, E501, E451), piimavabakoorepulber ( gl\u00fckoosisiirup, , palmi\u00f5li, maitained) hape (E330) paksendaja (E466) , riisijahu, paakumisvastane aine.(E551). V\u00f5ib sisaldada MUNA, KOORIKLOOMADE, KALA, PIIMA SEESAMI ja MEREANDIDE j\u00e4\u00e4ke.<\/p>\n<p>Valmistamine: Keeda 5 (400ml vett) min koos maitseainetega.<\/p>\n<p>Nutrition information per 100g<br \/>\nEnergiasisaldus 886 kJ \/ 211 kcal<br \/>\nRasvad 8 g<br \/>\nmillest k\u00fcllastunud rasvhapped 4 g<br \/>\nS\u00fcsivesikud 30,7 g<br \/>\nmillest suhkrud 1,8 g<br \/>\nValgud 4 g<br \/>\nSool 1,7 g<\/p>\n<div class=\"pdp-description-reviews__nutrition-row pdp-description-reviews__nutrition-row--details\" style=\"display: table-row;width: 752.059px;, sans-serif;font-size: 16px;letter-spacing: 0.2px\">\n<div class=\"pdp-description-reviews__nutrition-cell pdp-description-reviews__nutrition-cell--details\" style=\"display: table-cell;padding: 8px 12px\"><span style=\"font-size: 13px\">P\u00e4ritolumaa: Indoneesia.<\/span><\/div>\n<\/div>","protected":false},"excerpt":{"rendered":"<p>Kiirnuudlid Mi Goreng<\/p>","protected":false},"featured_media":2527,"template":"","meta":[],"product_brand":[260],"product_cat":[320],"product_tag":[],"class_list":{"0":"post-2497","1":"product","2":"type-product","3":"status-publish","4":"has-post-thumbnail","6":"product_brand-mama","7":"product_cat-riis-nuudlid","9":"first","10":"instock","11":"taxable","12":"shipping-taxable","13":"purchasable","14":"product-type-simple"},"_links":{"self":[{"href":"https:\/\/pipraveski.ee\/en\/wp-json\/wp\/v2\/product\/2497","targetHints":{"allow":["GET"]}}],"collection":[{"href":"https:\/\/pipraveski.ee\/en\/wp-json\/wp\/v2\/product"}],"about":[{"href":"https:\/\/pipraveski.ee\/en\/wp-json\/wp\/v2\/types\/product"}],"wp:featuredmedia":[{"embeddable":true,"href":"https:\/\/pipraveski.ee\/en\/wp-json\/wp\/v2\/media\/2527"}],"wp:attachment":[{"href":"https:\/\/pipraveski.ee\/en\/wp-json\/wp\/v2\/media?parent=2497"}],"wp:term":[{"taxonomy":"product_brand","embeddable":true,"href":"https:\/\/pipraveski.ee\/en\/wp-json\/wp\/v2\/product_brand?post=2497"},{"taxonomy":"product_cat","embeddable":true,"href":"https:\/\/pipraveski.ee\/en\/wp-json\/wp\/v2\/product_cat?post=2497"},{"taxonomy":"product_tag","embeddable":true,"href":"https:\/\/pipraveski.ee\/en\/wp-json\/wp\/v2\/product_tag?post=2497"}],"curies":[{"name":"wp","href":"https:\/\/api.w.org\/{rel}","templated":true}]}}