{"id":2490,"date":"2025-10-22T19:10:22","date_gmt":"2025-10-22T16:10:22","guid":{"rendered":"https:\/\/pipraveski.ee\/?post_type=product&#038;p=2490"},"modified":"2026-04-17T11:31:57","modified_gmt":"2026-04-17T08:31:57","slug":"mac-nuga-hb-85-kokanuga-215mm","status":"publish","type":"product","link":"https:\/\/pipraveski.ee\/en\/product\/mac-nuga-hb-85-kokanuga-215mm\/","title":{"rendered":"MAC knife HB-85 (coke knife), 215mm"},"content":{"rendered":"<p>MAC CHEF sarja HB-85 215mm kokanuga on kergeima kaaluga kokanuga MAC&#8217;i valikus.<\/p>\n<p>J\u00e4rk-j\u00e4rguline teravnev kontuur alates k\u00e4epidemest kuni tera tipuni on tehtud Gyuto stiilis (koka noa jaapani versioon).<\/p>\n<p>Seda saab kasutada enamus puuviljade, k\u00f6\u00f6giviljade ja lihade viilutamiseks \/ t\u00fckeldamiseks.<\/p>\n<p>Mac nugade teravus Rockwelli skaalal j\u00e4\u00e4b vahemikku 57-61.<br \/>\nIt is not recommended to wash in a dishwasher!<\/p>\n<p>Noa pikkus: 330mm<br \/>\nNoa kaal: 138g<br \/>\nTera pikkus: 215mm<br \/>\nTera k\u00f5rgus: 42mm<br \/>\nTera paksus: 2mm<\/p>","protected":false},"excerpt":{"rendered":"<p>Kergeim kokanuga<\/p>","protected":false},"featured_media":2520,"template":"","meta":[],"product_brand":[246],"product_cat":[336],"product_tag":[],"class_list":{"0":"post-2490","1":"product","2":"type-product","3":"status-publish","4":"has-post-thumbnail","6":"product_brand-mac","7":"product_cat-noad","9":"first","10":"instock","11":"taxable","12":"shipping-taxable","13":"purchasable","14":"product-type-simple"},"_links":{"self":[{"href":"https:\/\/pipraveski.ee\/en\/wp-json\/wp\/v2\/product\/2490","targetHints":{"allow":["GET"]}}],"collection":[{"href":"https:\/\/pipraveski.ee\/en\/wp-json\/wp\/v2\/product"}],"about":[{"href":"https:\/\/pipraveski.ee\/en\/wp-json\/wp\/v2\/types\/product"}],"wp:featuredmedia":[{"embeddable":true,"href":"https:\/\/pipraveski.ee\/en\/wp-json\/wp\/v2\/media\/2520"}],"wp:attachment":[{"href":"https:\/\/pipraveski.ee\/en\/wp-json\/wp\/v2\/media?parent=2490"}],"wp:term":[{"taxonomy":"product_brand","embeddable":true,"href":"https:\/\/pipraveski.ee\/en\/wp-json\/wp\/v2\/product_brand?post=2490"},{"taxonomy":"product_cat","embeddable":true,"href":"https:\/\/pipraveski.ee\/en\/wp-json\/wp\/v2\/product_cat?post=2490"},{"taxonomy":"product_tag","embeddable":true,"href":"https:\/\/pipraveski.ee\/en\/wp-json\/wp\/v2\/product_tag?post=2490"}],"curies":[{"name":"wp","href":"https:\/\/api.w.org\/{rel}","templated":true}]}}