{"id":249,"date":"2025-10-22T19:01:32","date_gmt":"2025-10-22T16:01:32","guid":{"rendered":"https:\/\/pipraveski.ee\/?post_type=product&#038;p=249"},"modified":"2026-04-17T11:33:15","modified_gmt":"2026-04-17T08:33:15","slug":"kurkum-1kg-heera","status":"publish","type":"product","link":"https:\/\/pipraveski.ee\/en\/product\/kurkum-1kg-heera\/","title":{"rendered":"Turmeric, 1kg (Heera)"},"content":{"rendered":"<p>Kurkum, <em>kurkuma<\/em>, <em>turmeric<\/em>, <em>haldi<\/em>, kollajuur.<br \/>\nKurkum kuulub ingveriliste perekonda koos ingveri ja kalganiga.<br \/>\nKurkum l\u00f5hnab nagu ingver, veidi krehvtisemalt. Tema maitse on ingveriga v\u00f5rreldes v\u00fcrtsikam, m\u00f5rkjam ja muskuselisem.<\/p>\n<p>Kasutamine: Kurkumit kasutatakse enim just india k\u00f6\u00f6gis ning ta annab toitudele juba v\u00e4hese koguse puhul kauni p\u00e4ikesekollase jume.<br \/>\n\u00dcks kindel komponent erinevates karripulbrites.Kurkumiga maitsestatakse riisi ja nuudleid, suppe, kastmeid, majoneesi, munarooge, karrisid, teatud pagaritoodetele.<br \/>\nKalale ja mereandidele sobib niisama h\u00e4sti kui linnulihale, aedviljadele ja v\u00fcrtsikastmetele.<br \/>\nSobib ka lihtsalt segatuna sooja piima ja meega joomiseks v\u00f5i lihav\u00f5ttemunade v\u00e4rvimiseks.<\/p>\n<p>Toitev\u00e4\u00e4rtus 100 g kohta:<br \/>\nEnergiasisaldus 1482 kJ \/ 354 kcal<br \/>\nRasvad 10 g<br \/>\nmillest k\u00fcllastunud rasvhappeid 3 g<br \/>\nS\u00fcsivesikuid 65 g<br \/>\nmillest suhkrud 3 g<br \/>\nKiudaineid 21 g<br \/>\nValgud 8 g<\/p>","protected":false},"excerpt":{"rendered":"<p>Kurkum, kurkuma, turmeric, haldi, kollajuur<\/p>","protected":false},"featured_media":278,"template":"","meta":[],"product_brand":[240],"product_cat":[338],"product_tag":[],"class_list":{"0":"post-249","1":"product","2":"type-product","3":"status-publish","4":"has-post-thumbnail","6":"product_brand-heera","7":"product_cat-puhtad-maitsed","9":"first","10":"outofstock","11":"taxable","12":"shipping-taxable","13":"purchasable","14":"product-type-simple"},"_links":{"self":[{"href":"https:\/\/pipraveski.ee\/en\/wp-json\/wp\/v2\/product\/249","targetHints":{"allow":["GET"]}}],"collection":[{"href":"https:\/\/pipraveski.ee\/en\/wp-json\/wp\/v2\/product"}],"about":[{"href":"https:\/\/pipraveski.ee\/en\/wp-json\/wp\/v2\/types\/product"}],"wp:featuredmedia":[{"embeddable":true,"href":"https:\/\/pipraveski.ee\/en\/wp-json\/wp\/v2\/media\/278"}],"wp:attachment":[{"href":"https:\/\/pipraveski.ee\/en\/wp-json\/wp\/v2\/media?parent=249"}],"wp:term":[{"taxonomy":"product_brand","embeddable":true,"href":"https:\/\/pipraveski.ee\/en\/wp-json\/wp\/v2\/product_brand?post=249"},{"taxonomy":"product_cat","embeddable":true,"href":"https:\/\/pipraveski.ee\/en\/wp-json\/wp\/v2\/product_cat?post=249"},{"taxonomy":"product_tag","embeddable":true,"href":"https:\/\/pipraveski.ee\/en\/wp-json\/wp\/v2\/product_tag?post=249"}],"curies":[{"name":"wp","href":"https:\/\/api.w.org\/{rel}","templated":true}]}}