{"id":2489,"date":"2025-10-22T19:10:22","date_gmt":"2025-10-22T16:10:22","guid":{"rendered":"https:\/\/pipraveski.ee\/?post_type=product&#038;p=2489"},"modified":"2026-04-17T11:32:44","modified_gmt":"2026-04-17T08:32:44","slug":"karripasta-roheline-chefs-choice-1kg","status":"publish","type":"product","link":"https:\/\/pipraveski.ee\/en\/product\/karripasta-roheline-chefs-choice-1kg\/","title":{"rendered":"Curry paste, green, Chef\u00b4s Choice, 1kg"},"content":{"rendered":"<p>Rikkalik ja kreemjas Tai roheline karripasta.<\/p>\n<p>Koostisosad: roheline t\u0161illi (37%), sidrunhein, sool, k\u00fc\u00fcslauk, sibul, kalgan, kaffirlaimi koor, v\u00fcrtsid (koriander, apteegitill, pipar, kurkum).<br \/>\nTeave allergeenide kohta: V\u00f5ib sisaldada maap\u00e4hklite, soja, seesamiseemnete ja sulfitide j\u00e4lgi.<\/p>\n<div>Country of origin: Thailand<br \/>\nToitumisalane teave&nbsp;100g kohta<br \/>\nEnergiasisaldus&nbsp;kJ\/kcal 564\/135<br \/>\nRasvad&nbsp;1 g<br \/>\nmillest k\u00fcllastunud rasvu 0 g<br \/>\nS\u00fcsivesikuid 28 g<br \/>\nmillest suhkrud 4 g<br \/>\nValgud&nbsp;4 g<br \/>\nKiudained 0 g<br \/>\nSool 9,17 g<br \/>\n&nbsp;<\/div>","protected":false},"excerpt":{"rendered":"<p>Rikkalik ja kreemjas Tai roheline karripasta, t\u0161illit 37%.<\/p>","protected":false},"featured_media":2519,"template":"","meta":[],"product_brand":[261],"product_cat":[308],"product_tag":[],"class_list":{"0":"post-2489","1":"product","2":"type-product","3":"status-publish","4":"has-post-thumbnail","6":"product_brand-chefs-choice","7":"product_cat-maitseaine-pastad-kastmed","9":"first","10":"outofstock","11":"taxable","12":"shipping-taxable","13":"purchasable","14":"product-type-simple"},"_links":{"self":[{"href":"https:\/\/pipraveski.ee\/en\/wp-json\/wp\/v2\/product\/2489","targetHints":{"allow":["GET"]}}],"collection":[{"href":"https:\/\/pipraveski.ee\/en\/wp-json\/wp\/v2\/product"}],"about":[{"href":"https:\/\/pipraveski.ee\/en\/wp-json\/wp\/v2\/types\/product"}],"wp:featuredmedia":[{"embeddable":true,"href":"https:\/\/pipraveski.ee\/en\/wp-json\/wp\/v2\/media\/2519"}],"wp:attachment":[{"href":"https:\/\/pipraveski.ee\/en\/wp-json\/wp\/v2\/media?parent=2489"}],"wp:term":[{"taxonomy":"product_brand","embeddable":true,"href":"https:\/\/pipraveski.ee\/en\/wp-json\/wp\/v2\/product_brand?post=2489"},{"taxonomy":"product_cat","embeddable":true,"href":"https:\/\/pipraveski.ee\/en\/wp-json\/wp\/v2\/product_cat?post=2489"},{"taxonomy":"product_tag","embeddable":true,"href":"https:\/\/pipraveski.ee\/en\/wp-json\/wp\/v2\/product_tag?post=2489"}],"curies":[{"name":"wp","href":"https:\/\/api.w.org\/{rel}","templated":true}]}}