{"id":2488,"date":"2025-10-22T19:10:22","date_gmt":"2025-10-22T16:10:22","guid":{"rendered":"https:\/\/pipraveski.ee\/?post_type=product&#038;p=2488"},"modified":"2026-04-17T11:32:35","modified_gmt":"2026-04-17T08:32:35","slug":"tuumian-20g","status":"publish","type":"product","link":"https:\/\/pipraveski.ee\/en\/product\/tuumian-20g\/","title":{"rendered":"Thyme, HELA, 20g"},"content":{"rendered":"<p><span style=\", sans-serif;font-size: 18px\">Thyme or garden thyme is used as a medicinal herb and to flavour food.<\/span><\/p>\n<p><span style=\", sans-serif;font-size: 18px\">Compared to many other herbs.<\/span><span style=\", sans-serif;font-size: 18px\">, thyme retains its pleasant flavour even after prolonged heating, making it ideal for soups.<\/span><span style=\", sans-serif;font-size: 18px\">, hatchery,&nbsp;<\/span><span style=\", sans-serif;font-size: 18px\">tomato sauce and broth&nbsp;<\/span><span style=\", sans-serif;font-size: 18px\">flavouring. Thyme goes particularly well with lamb.<\/span><\/p>\n<p>P\u00e4ritolumaa: Hispaania<\/p>","protected":false},"excerpt":{"rendered":"<p>T\u00fc\u00fcmian ehk aed- liivateed kasutatakse ravimtaimena ning toitude maitsestamiseks. V\u00f5rreldes paljude teistest maitsetaimedest, s\u00e4ilitab t\u00fc\u00fcmian oma meeldiva maitse ka pikal kuumutamisel, seega on ta ideaalne suppide, hautiste,&nbsp;tomatikastme&nbsp;ja puljongite&nbsp;maitsestamisel. Eriti h\u00e4sti sobib t\u00fc\u00fcmian lambalihaga. P\u00e4ritolumaa: Hispaania<\/p>","protected":false},"featured_media":4257,"template":"","meta":[],"product_brand":[244],"product_cat":[305],"product_tag":[],"class_list":{"0":"post-2488","1":"product","2":"type-product","3":"status-publish","4":"has-post-thumbnail","6":"product_brand-hela","7":"product_cat-urdid-kulmkuivatatud-urdid","9":"first","10":"instock","11":"sale","12":"taxable","13":"shipping-taxable","14":"purchasable","15":"product-type-simple"},"_links":{"self":[{"href":"https:\/\/pipraveski.ee\/en\/wp-json\/wp\/v2\/product\/2488","targetHints":{"allow":["GET"]}}],"collection":[{"href":"https:\/\/pipraveski.ee\/en\/wp-json\/wp\/v2\/product"}],"about":[{"href":"https:\/\/pipraveski.ee\/en\/wp-json\/wp\/v2\/types\/product"}],"wp:featuredmedia":[{"embeddable":true,"href":"https:\/\/pipraveski.ee\/en\/wp-json\/wp\/v2\/media\/4257"}],"wp:attachment":[{"href":"https:\/\/pipraveski.ee\/en\/wp-json\/wp\/v2\/media?parent=2488"}],"wp:term":[{"taxonomy":"product_brand","embeddable":true,"href":"https:\/\/pipraveski.ee\/en\/wp-json\/wp\/v2\/product_brand?post=2488"},{"taxonomy":"product_cat","embeddable":true,"href":"https:\/\/pipraveski.ee\/en\/wp-json\/wp\/v2\/product_cat?post=2488"},{"taxonomy":"product_tag","embeddable":true,"href":"https:\/\/pipraveski.ee\/en\/wp-json\/wp\/v2\/product_tag?post=2488"}],"curies":[{"name":"wp","href":"https:\/\/api.w.org\/{rel}","templated":true}]}}