{"id":2482,"date":"2025-10-22T19:10:22","date_gmt":"2025-10-22T16:10:22","guid":{"rendered":"https:\/\/pipraveski.ee\/?post_type=product&#038;p=2482"},"modified":"2026-04-17T11:32:09","modified_gmt":"2026-04-17T08:32:09","slug":"guajillo-pasta-250g","status":"publish","type":"product","link":"https:\/\/pipraveski.ee\/en\/product\/guajillo-pasta-250g\/","title":{"rendered":"Guajillo pasta, 250g"},"content":{"rendered":"<p>Guajillo t\u0161illid on keskmise teravusega ja tumepunast v\u00e4rvi. Nad arendavad t\u00f5eliselt erakordset marjade ja rohelise tee aroomi koos tanniinide ja m\u00e4nni vihjetega.<\/p>\n<p>Guajillo t\u0161illide erakordne ja v\u00fcrtsikas maitse sobib ideaalselt rikkalike roogade, n\u00e4iteks liharoogade (nt kana), aga ka hautiste ja hautiste valmistamiseks. Neid kasutatakse Mehhiko k\u00f6\u00f6gis traditsiooniliselt selliste roogade jaoks nagu pozole (maisi- ja lihahautis), pancita (tripe tomatikastmes), mixiotes (lambahautis) v\u00f5i moolikaste.<\/p>\n<p><strong>Ingredients:<\/strong> Guajillo t\u0161illi, taime\u00f5li, sibul, sool, k\u00fc\u00fcslauk, suhkur, p\u00e4rmiekstrakt, sidrunhape, kaaliumsorbaat (E202).<\/p>\n<p><strong>Nutrition information per 100g:<\/strong><br \/>\nEnergiasisaldus 747kJ \/ 178kcal<br \/>\nRasvad 11,4g<br \/>\nMillest k\u00fcllastunud rasvhapped 1,4g<br \/>\nS\u00fcsivesikud 14,3g<br \/>\nMillest suhkrud 0,0g<br \/>\nValgud 3,2g<br \/>\nSool 1,0g<\/p>","protected":false},"excerpt":{"rendered":"<p>Guajillo t\u0161illid on keskmise teravusega ja tumepunast v\u00e4rvi. Nad arendavad t\u00f5eliselt erakordset marjade ja rohelise tee aroomi koos tanniinide ja m\u00e4nni vihjetega. Guajillo t\u0161illide erakordne ja v\u00fcrtsikas maitse sobib ideaalselt rikkalike roogade, n\u00e4iteks liharoogade (nt kana), aga ka hautiste ja hautiste valmistamiseks. Neid kasutatakse Mehhiko k\u00f6\u00f6gis traditsiooniliselt selliste roogade jaoks nagu pozole (maisi- ja lihahautis), [&hellip;]<\/p>\n","protected":false},"featured_media":2513,"template":"","meta":[],"product_brand":[],"product_cat":[308],"product_tag":[],"class_list":{"0":"post-2482","1":"product","2":"type-product","3":"status-publish","4":"has-post-thumbnail","6":"product_cat-maitseaine-pastad-kastmed","8":"first","9":"instock","10":"taxable","11":"shipping-taxable","12":"purchasable","13":"product-type-simple"},"_links":{"self":[{"href":"https:\/\/pipraveski.ee\/en\/wp-json\/wp\/v2\/product\/2482","targetHints":{"allow":["GET"]}}],"collection":[{"href":"https:\/\/pipraveski.ee\/en\/wp-json\/wp\/v2\/product"}],"about":[{"href":"https:\/\/pipraveski.ee\/en\/wp-json\/wp\/v2\/types\/product"}],"wp:featuredmedia":[{"embeddable":true,"href":"https:\/\/pipraveski.ee\/en\/wp-json\/wp\/v2\/media\/2513"}],"wp:attachment":[{"href":"https:\/\/pipraveski.ee\/en\/wp-json\/wp\/v2\/media?parent=2482"}],"wp:term":[{"taxonomy":"product_brand","embeddable":true,"href":"https:\/\/pipraveski.ee\/en\/wp-json\/wp\/v2\/product_brand?post=2482"},{"taxonomy":"product_cat","embeddable":true,"href":"https:\/\/pipraveski.ee\/en\/wp-json\/wp\/v2\/product_cat?post=2482"},{"taxonomy":"product_tag","embeddable":true,"href":"https:\/\/pipraveski.ee\/en\/wp-json\/wp\/v2\/product_tag?post=2482"}],"curies":[{"name":"wp","href":"https:\/\/api.w.org\/{rel}","templated":true}]}}