{"id":248,"date":"2025-10-22T19:01:32","date_gmt":"2025-10-22T16:01:32","guid":{"rendered":"https:\/\/pipraveski.ee\/?post_type=product&#038;p=248"},"modified":"2026-04-17T11:33:07","modified_gmt":"2026-04-17T08:33:07","slug":"mac-nuga-pkf-50-koorimisnuga-125mm","status":"publish","type":"product","link":"https:\/\/pipraveski.ee\/en\/product\/mac-nuga-pkf-50-koorimisnuga-125mm\/","title":{"rendered":"MAC knife PKF-50 (peeling knife), 125mm"},"content":{"rendered":"<p>Mac PROFESSIONAL seeria noad on valmistatud 2\u20132,5 mm paksusest originaalsest mol\u00fcbdeenterasest.<br \/>\nNeed noad j\u00e4rgivad traditsioonilisi Euroopa kujusid, mille k\u00e4epide on sirge (samal joonel tera seljaga) ja teravatipuline.<\/p>\n<p>T\u00e4iuslikult balansseeritud kaal tera ning k\u00e4epideme vahel.<br \/>\nT\u00e4nu oma kergele kaalule saab neid nuge kasutada kiireks t\u00f6\u00f6ks \u00fcksk\u00f5ik mis toidu puhul.<\/p>\n<p>PKF-50 keskmise suurusega nuga on piisavalt v\u00e4ike, et kasutada koorimisel ja nikerdamistel, kuid piisavalt suur, et t\u00fckeldada puuvilju\/juurvilju.<br \/>\nT\u00e4nu kitsale terale saab teda kasutada ka luude eemaldamiseks v\u00f5i \u00fcldkasutuseks.<\/p>\n<p>Mac nugade teravus Rockwelli skaalal j\u00e4\u00e4b vahemikku 57-61.<br \/>\nIt is not recommended to wash in a dishwasher!<\/p>\n<p>Noa pikkus: 228mm<br \/>\nNoa kaal: 68g<br \/>\nTera pikkus: 125mm<br \/>\nTera k\u00f5rgus: 26mm<br \/>\nTera paksus: 2mm<\/p>","protected":false},"excerpt":{"rendered":"<p>Koorimise, t\u00fckeldamise nuga<\/p>","protected":false},"featured_media":277,"template":"","meta":[],"product_brand":[246],"product_cat":[336],"product_tag":[],"class_list":{"0":"post-248","1":"product","2":"type-product","3":"status-publish","4":"has-post-thumbnail","6":"product_brand-mac","7":"product_cat-noad","9":"first","10":"instock","11":"taxable","12":"shipping-taxable","13":"purchasable","14":"product-type-simple"},"_links":{"self":[{"href":"https:\/\/pipraveski.ee\/en\/wp-json\/wp\/v2\/product\/248","targetHints":{"allow":["GET"]}}],"collection":[{"href":"https:\/\/pipraveski.ee\/en\/wp-json\/wp\/v2\/product"}],"about":[{"href":"https:\/\/pipraveski.ee\/en\/wp-json\/wp\/v2\/types\/product"}],"wp:featuredmedia":[{"embeddable":true,"href":"https:\/\/pipraveski.ee\/en\/wp-json\/wp\/v2\/media\/277"}],"wp:attachment":[{"href":"https:\/\/pipraveski.ee\/en\/wp-json\/wp\/v2\/media?parent=248"}],"wp:term":[{"taxonomy":"product_brand","embeddable":true,"href":"https:\/\/pipraveski.ee\/en\/wp-json\/wp\/v2\/product_brand?post=248"},{"taxonomy":"product_cat","embeddable":true,"href":"https:\/\/pipraveski.ee\/en\/wp-json\/wp\/v2\/product_cat?post=248"},{"taxonomy":"product_tag","embeddable":true,"href":"https:\/\/pipraveski.ee\/en\/wp-json\/wp\/v2\/product_tag?post=248"}],"curies":[{"name":"wp","href":"https:\/\/api.w.org\/{rel}","templated":true}]}}