{"id":2477,"date":"2025-10-22T19:10:21","date_gmt":"2025-10-22T16:10:21","guid":{"rendered":"https:\/\/pipraveski.ee\/?post_type=product&#038;p=2477"},"modified":"2026-04-17T11:33:07","modified_gmt":"2026-04-17T08:33:07","slug":"urid-whole-mustad-mungoad-schani-2kg","status":"publish","type":"product","link":"https:\/\/pipraveski.ee\/en\/product\/urid-whole-mustad-mungoad-schani-2kg\/","title":{"rendered":"Urid whole (black beans), SCHANI, 2kg"},"content":{"rendered":"<p>Urid Whole (mustad mungoad) on \u00e4\u00e4rmiselt v\u00e4\u00e4rtuslik kaunvili. See on k\u00f5igist kaunviljadest k\u00f5ige toitainerikkam sisaldades kaaliumit, fosforit ja kaltsiumit ning m\u00f5istliku koguse naatriumit. Selles on ka v\u00e4ike kogus rauda.<\/p>\n<p><span style=\"font-size: 13px\">Nutrition information per 100g:<\/span><br style=\"font-size: 13px\" \/><br \/>\n<span style=\"font-size: 13px\">Energiasisaldus 1281 kJ \/ 304 kcal<\/span><br style=\"font-size: 13px\" \/><br \/>\n<span style=\"font-size: 13px\">Fats 1,6g<\/span><br style=\"font-size: 13px\" \/><br \/>\n<span style=\"font-size: 13px\">of which saturated fatty acids 0,1g<\/span><br style=\"font-size: 13px\" \/><br \/>\n<span style=\"font-size: 13px\">S\u00fcsivesikud 58,9 g<\/span><br style=\"font-size: 13px\" \/><br \/>\n<span style=\"font-size: 13px\">of which sugars 0 g<\/span><br style=\"font-size: 13px\" \/><br \/>\n<span style=\"font-size: 13px\">Valgud 25,2 g<\/span><br style=\"font-size: 13px\" \/><br \/>\n<span style=\"font-size: 13px\">Sool 96 mg<\/span><\/p>","protected":false},"excerpt":{"rendered":"<p>Urid Whole (mustad mungoad) on \u00e4\u00e4rmiselt v\u00e4\u00e4rtuslik kaunvili. See on k\u00f5igist kaunviljadest k\u00f5ige toitainerikkam sisaldades kaaliumit, fosforit ja kaltsiumit ning m\u00f5istliku koguse naatriumit. Selles on ka v\u00e4ike kogus rauda. Toitumisalane teave 100g kohta: Energiasisaldus 1281 kJ \/ 304 kcal Rasvad 1,6g millest k\u00fcllastunud rasvhapped 0,1g S\u00fcsivesikud 58,9 g millest suhkrud 0 g Valgud 25,2 g [&hellip;]<\/p>\n","protected":false},"featured_media":2508,"template":"","meta":[],"product_brand":[],"product_cat":[319],"product_tag":[],"class_list":{"0":"post-2477","1":"product","2":"type-product","3":"status-publish","4":"has-post-thumbnail","6":"product_cat-laatsed-oad-terad","8":"first","9":"outofstock","10":"taxable","11":"shipping-taxable","12":"purchasable","13":"product-type-simple"},"_links":{"self":[{"href":"https:\/\/pipraveski.ee\/en\/wp-json\/wp\/v2\/product\/2477","targetHints":{"allow":["GET"]}}],"collection":[{"href":"https:\/\/pipraveski.ee\/en\/wp-json\/wp\/v2\/product"}],"about":[{"href":"https:\/\/pipraveski.ee\/en\/wp-json\/wp\/v2\/types\/product"}],"wp:featuredmedia":[{"embeddable":true,"href":"https:\/\/pipraveski.ee\/en\/wp-json\/wp\/v2\/media\/2508"}],"wp:attachment":[{"href":"https:\/\/pipraveski.ee\/en\/wp-json\/wp\/v2\/media?parent=2477"}],"wp:term":[{"taxonomy":"product_brand","embeddable":true,"href":"https:\/\/pipraveski.ee\/en\/wp-json\/wp\/v2\/product_brand?post=2477"},{"taxonomy":"product_cat","embeddable":true,"href":"https:\/\/pipraveski.ee\/en\/wp-json\/wp\/v2\/product_cat?post=2477"},{"taxonomy":"product_tag","embeddable":true,"href":"https:\/\/pipraveski.ee\/en\/wp-json\/wp\/v2\/product_tag?post=2477"}],"curies":[{"name":"wp","href":"https:\/\/api.w.org\/{rel}","templated":true}]}}