{"id":2470,"date":"2025-10-22T19:10:21","date_gmt":"2025-10-22T16:10:21","guid":{"rendered":"https:\/\/pipraveski.ee\/?post_type=product&#038;p=2470"},"modified":"2026-04-17T11:32:23","modified_gmt":"2026-04-17T08:32:23","slug":"krobedad-sibulad-tsilliolis-210g","status":"publish","type":"product","link":"https:\/\/pipraveski.ee\/en\/product\/krobedad-sibulad-tsilliolis-210g\/","title":{"rendered":"Crispy onions in chilli oil, 210g"},"content":{"rendered":"<p>Suurep\u00e4rane&nbsp; praeriisile, pelmeenidele, ramenikausile, tofule, salatile, dipikastmesse jne.<\/p>\n<p>Koostisosad: SOJA\u00f5li (45%), t\u0161illi (25%), sibul (15%), fermenteeritud oad (SOJAuba, vesi), maitsetugevdaja (E621), sool, suhkur, Sichuani pipra pulber.&nbsp;<\/p>\n<p>Nutrition information per 100 g:<br \/>\nEnergiasisaldus&nbsp; 2957kJ \/ 717kcal<br \/>\nRasvad 71,1 g<br \/>\nmillest k\u00fcllastunud rasvhapped 11,7 g<br \/>\nS\u00fcsivesikud 9,6 g<br \/>\n&nbsp;millest suhkruid 3,8 g<br \/>\nValgud 5,9 g<br \/>\nSool 2,9 g<\/p>\n<p>Country of origin: China<\/p>","protected":false},"excerpt":{"rendered":"<p>M\u00f5nus t\u0161illi teravus ja r\u00f6stsibula kr\u00f5bedus!<\/p>","protected":false},"featured_media":2501,"template":"","meta":[],"product_brand":[],"product_cat":[323],"product_tag":[],"class_list":{"0":"post-2470","1":"product","2":"type-product","3":"status-publish","4":"has-post-thumbnail","6":"product_cat-konservid","8":"first","9":"instock","10":"taxable","11":"shipping-taxable","12":"purchasable","13":"product-type-simple"},"_links":{"self":[{"href":"https:\/\/pipraveski.ee\/en\/wp-json\/wp\/v2\/product\/2470","targetHints":{"allow":["GET"]}}],"collection":[{"href":"https:\/\/pipraveski.ee\/en\/wp-json\/wp\/v2\/product"}],"about":[{"href":"https:\/\/pipraveski.ee\/en\/wp-json\/wp\/v2\/types\/product"}],"wp:featuredmedia":[{"embeddable":true,"href":"https:\/\/pipraveski.ee\/en\/wp-json\/wp\/v2\/media\/2501"}],"wp:attachment":[{"href":"https:\/\/pipraveski.ee\/en\/wp-json\/wp\/v2\/media?parent=2470"}],"wp:term":[{"taxonomy":"product_brand","embeddable":true,"href":"https:\/\/pipraveski.ee\/en\/wp-json\/wp\/v2\/product_brand?post=2470"},{"taxonomy":"product_cat","embeddable":true,"href":"https:\/\/pipraveski.ee\/en\/wp-json\/wp\/v2\/product_cat?post=2470"},{"taxonomy":"product_tag","embeddable":true,"href":"https:\/\/pipraveski.ee\/en\/wp-json\/wp\/v2\/product_tag?post=2470"}],"curies":[{"name":"wp","href":"https:\/\/api.w.org\/{rel}","templated":true}]}}