{"id":2435,"date":"2025-10-22T19:10:09","date_gmt":"2025-10-22T16:10:09","guid":{"rendered":"https:\/\/pipraveski.ee\/?post_type=product&#038;p=2435"},"modified":"2026-04-17T11:33:15","modified_gmt":"2026-04-17T08:33:15","slug":"masala-liha-karri-mdh-100g","status":"publish","type":"product","link":"https:\/\/pipraveski.ee\/en\/product\/masala-liha-karri-mdh-100g\/","title":{"rendered":"Masala, Meat curry, MDH, 100g"},"content":{"rendered":"<p>Indiap\u00e4rane maitseainesegu lihale, lambaliha toitudele.<\/p>\n<p>Koostisosad: koriander, punane t\u0161illi, v\u00fcrtsk\u00f6\u00f6men, kurkum, sool, melon, SINEP, lambal\u00e4\u00e4tse lehed, k\u00fc\u00fcsalauk, must pipar, sibul, kardemon, kaneel, lambal\u00e4\u00e4ts, nelk, muskaatp\u00e4hkel, muskaat\u00f5is, kardemon, asaf\u00f6\u00f6tida.<\/p>","protected":false},"excerpt":{"rendered":"<p>Indiap\u00e4rane maitseainesegu lihale, lambaliha toitudele<\/p>","protected":false},"featured_media":2465,"template":"","meta":[],"product_brand":[262],"product_cat":[307],"product_tag":[],"class_list":{"0":"post-2435","1":"product","2":"type-product","3":"status-publish","4":"has-post-thumbnail","6":"product_brand-mdh","7":"product_cat-maitseainesegud","9":"first","10":"instock","11":"taxable","12":"shipping-taxable","13":"purchasable","14":"product-type-simple"},"_links":{"self":[{"href":"https:\/\/pipraveski.ee\/en\/wp-json\/wp\/v2\/product\/2435","targetHints":{"allow":["GET"]}}],"collection":[{"href":"https:\/\/pipraveski.ee\/en\/wp-json\/wp\/v2\/product"}],"about":[{"href":"https:\/\/pipraveski.ee\/en\/wp-json\/wp\/v2\/types\/product"}],"wp:featuredmedia":[{"embeddable":true,"href":"https:\/\/pipraveski.ee\/en\/wp-json\/wp\/v2\/media\/2465"}],"wp:attachment":[{"href":"https:\/\/pipraveski.ee\/en\/wp-json\/wp\/v2\/media?parent=2435"}],"wp:term":[{"taxonomy":"product_brand","embeddable":true,"href":"https:\/\/pipraveski.ee\/en\/wp-json\/wp\/v2\/product_brand?post=2435"},{"taxonomy":"product_cat","embeddable":true,"href":"https:\/\/pipraveski.ee\/en\/wp-json\/wp\/v2\/product_cat?post=2435"},{"taxonomy":"product_tag","embeddable":true,"href":"https:\/\/pipraveski.ee\/en\/wp-json\/wp\/v2\/product_tag?post=2435"}],"curies":[{"name":"wp","href":"https:\/\/api.w.org\/{rel}","templated":true}]}}