{"id":2432,"date":"2025-10-22T19:10:08","date_gmt":"2025-10-22T16:10:08","guid":{"rendered":"https:\/\/pipraveski.ee\/?post_type=product&#038;p=2432"},"modified":"2026-04-17T11:33:10","modified_gmt":"2026-04-17T08:33:10","slug":"mac-nuga-mbk-85-kokanuga-220mm","status":"publish","type":"product","link":"https:\/\/pipraveski.ee\/en\/product\/mac-nuga-mbk-85-kokanuga-220mm\/","title":{"rendered":"MAC knife MBK-85 (coke knife), 220mm"},"content":{"rendered":"<p>Mac PROFESSIONAL sarja noad on valmistatud 2\u20132,5 mm paksusest originaalsest mol\u00fcbdeenterasest.<br \/>\nNeed noad j\u00e4rgivad traditsioonilisi Euroopa kujusid, mille k\u00e4epide on sirge (samal joonel tera seljaga) ja teravatipuline.<\/p>\n<p>T\u00e4iuslikult balansseeritud kaal tera ning k\u00e4epideme vahel.<br \/>\nT\u00e4nu oma kergele kaalule saab nuga kasutada kiireks t\u00f6\u00f6ks \u00fcksk\u00f5ik mis toidu puhul.<\/p>\n<p>MBK-85 kokanuga on modelleeritud Prantsuse kokanoa p\u00f5hjal, mis on kergelt kumer ning teravneb kiiremini (v\u00f5rreldes Jaapani kokanoaga, mis teravneb j\u00e4rk-j\u00e4rgult).<\/p>\n<p>MAC MBK-85 215mm nuga on \u00fcsna standardne kodu- ja profikokkade jaoks.<br \/>\nMitmeotstarbeline nuga peaaegu k\u00f5ige jaoks, mida sa l\u00f5ikelaual l\u00f5ikad.<\/p>\n<p>Mac nugade teravus Rockwelli skaalal j\u00e4\u00e4b vahemikku 57-61.<br \/>\nIt is not recommended to wash in a dishwasher!<\/p>\n<p>Noa pikkus: 340mm<br \/>\nNoa kaal: 213g<br \/>\nTera pikkus: 215mm<br \/>\nTera k\u00f5rgus: 44mm<br \/>\nTera paksus: 2,5mm<\/p>","protected":false},"excerpt":{"rendered":"<p>PROFFESSIONAL sarja kokanuga<\/p>","protected":false},"featured_media":2462,"template":"","meta":[],"product_brand":[246],"product_cat":[336],"product_tag":[],"class_list":{"0":"post-2432","1":"product","2":"type-product","3":"status-publish","4":"has-post-thumbnail","6":"product_brand-mac","7":"product_cat-noad","9":"first","10":"outofstock","11":"taxable","12":"shipping-taxable","13":"purchasable","14":"product-type-simple"},"_links":{"self":[{"href":"https:\/\/pipraveski.ee\/en\/wp-json\/wp\/v2\/product\/2432","targetHints":{"allow":["GET"]}}],"collection":[{"href":"https:\/\/pipraveski.ee\/en\/wp-json\/wp\/v2\/product"}],"about":[{"href":"https:\/\/pipraveski.ee\/en\/wp-json\/wp\/v2\/types\/product"}],"wp:featuredmedia":[{"embeddable":true,"href":"https:\/\/pipraveski.ee\/en\/wp-json\/wp\/v2\/media\/2462"}],"wp:attachment":[{"href":"https:\/\/pipraveski.ee\/en\/wp-json\/wp\/v2\/media?parent=2432"}],"wp:term":[{"taxonomy":"product_brand","embeddable":true,"href":"https:\/\/pipraveski.ee\/en\/wp-json\/wp\/v2\/product_brand?post=2432"},{"taxonomy":"product_cat","embeddable":true,"href":"https:\/\/pipraveski.ee\/en\/wp-json\/wp\/v2\/product_cat?post=2432"},{"taxonomy":"product_tag","embeddable":true,"href":"https:\/\/pipraveski.ee\/en\/wp-json\/wp\/v2\/product_tag?post=2432"}],"curies":[{"name":"wp","href":"https:\/\/api.w.org\/{rel}","templated":true}]}}