{"id":2428,"date":"2025-10-22T19:10:08","date_gmt":"2025-10-22T16:10:08","guid":{"rendered":"https:\/\/pipraveski.ee\/?post_type=product&#038;p=2428"},"modified":"2026-04-17T11:33:15","modified_gmt":"2026-04-17T08:33:15","slug":"mango-jook-drinho-250ml","status":"publish","type":"product","link":"https:\/\/pipraveski.ee\/en\/product\/mango-jook-drinho-250ml\/","title":{"rendered":"Mango drink, Drinho, 250ml"},"content":{"rendered":"<p>Sellel mango karastusjoogil on v\u00e4ga eriline maitse, mis on \u00fcletamatu. Luba endale v\u00f5i oma k\u00fclalistele v\u00e4ga erilist v\u00e4rskendavat jooki.<br \/>\n<font style=\"--tw-border-spacing-x: 0;--tw-border-spacing-y: 0;--tw-translate-x: 0;--tw-translate-y: 0;--tw-rotate: 0;--tw-skew-x: 0;--tw-skew-y: 0;--tw-scale-x: 1;--tw-scale-y: 1;--tw-pan-x:;--tw-pan-y:;--tw-pinch-zoom:;--tw-scroll-snap-strictness: proximity;--tw-gradient-from-position:;--tw-gradient-via-position:;--tw-gradient-to-position:;--tw-ordinal:;--tw-slashed-zero:;--tw-numeric-figure:;--tw-numeric-spacing:;--tw-numeric-fraction:;--tw-ring-inset:;--tw-ring-offset-width: 0px;--tw-ring-offset-color: #fff;--tw-ring-offset-shadow: 0 0 #0000;--tw-ring-shadow: 0 0 #0000;--tw-shadow: 0 0 #0000;--tw-shadow-colored: 0 0 #0000;--tw-blur:;--tw-brightness:;--tw-contrast:;--tw-grayscale:;--tw-hue-rotate:;--tw-invert:;--tw-saturate:;--tw-sepia:;--tw-drop-shadow:;--tw-backdrop-blur:;--tw-backdrop-brightness:;--tw-backdrop-contrast:;--tw-backdrop-grayscale:;--tw-backdrop-hue-rotate:;--tw-backdrop-invert:;--tw-backdrop-opacity:;--tw-backdrop-saturate:;--tw-backdrop-sepia:;font-family: graphik, arial, helvetica, sans-serif;font-size: 14px;vertical-align: inherit\">Drinho mangomahl on valmistatud Malaisia \u200b\u200bp\u00e4ikese all k\u00f5ige k\u00fcpsematest ja mahlasematest puuviljadest.&nbsp;<\/font><font style=\"--tw-border-spacing-x: 0;--tw-border-spacing-y: 0;--tw-translate-x: 0;--tw-translate-y: 0;--tw-rotate: 0;--tw-skew-x: 0;--tw-skew-y: 0;--tw-scale-x: 1;--tw-scale-y: 1;--tw-pan-x:;--tw-pan-y:;--tw-pinch-zoom:;--tw-scroll-snap-strictness: proximity;--tw-gradient-from-position:;--tw-gradient-via-position:;--tw-gradient-to-position:;--tw-ordinal:;--tw-slashed-zero:;--tw-numeric-figure:;--tw-numeric-spacing:;--tw-numeric-fraction:;--tw-ring-inset:;--tw-ring-offset-width: 0px;--tw-ring-offset-color: #fff;--tw-ring-offset-shadow: 0 0 #0000;--tw-ring-shadow: 0 0 #0000;--tw-shadow: 0 0 #0000;--tw-shadow-colored: 0 0 #0000;--tw-blur:;--tw-brightness:;--tw-contrast:;--tw-grayscale:;--tw-hue-rotate:;--tw-invert:;--tw-saturate:;--tw-sepia:;--tw-drop-shadow:;--tw-backdrop-blur:;--tw-backdrop-brightness:;--tw-backdrop-contrast:;--tw-backdrop-grayscale:;--tw-backdrop-hue-rotate:;--tw-backdrop-invert:;--tw-backdrop-opacity:;--tw-backdrop-saturate:;--tw-backdrop-sepia:;font-family: graphik, arial, helvetica, sans-serif;font-size: 14px;vertical-align: inherit\">Mango on \u00fcks armastatumaid ja maitsvamaid troopilisi puuvilju ning on k\u00f5rgelt hinnatud selle mahlase ja v\u00e4rskendava maitse poolest.<\/font><\/p>\n<p>100g toote kohta:<br \/>\nEnergia: 84,00KJ \/ 20,00kcal<br \/>\nRasv: 0 g<br \/>\n&#8211; millest k\u00fcllastunud: 0g<br \/>\nS\u00fcsivesikud: 5,1 g<br \/>\n&#8211; millest suhkrud: 4,9 g<br \/>\nKiudained: 0 g<br \/>\nValk: 0 g<br \/>\nSool: 0,008 g<\/p>","protected":false},"excerpt":{"rendered":"<p>Sellel mango karastusjoogil on v\u00e4ga eriline maitse, mis on \u00fcletamatu. Luba endale v\u00f5i oma k\u00fclalistele v\u00e4ga erilist v\u00e4rskendavat jooki. Drinho mangomahl on valmistatud Malaisia \u200b\u200bp\u00e4ikese all k\u00f5ige k\u00fcpsematest ja mahlasematest puuviljadest.&nbsp;Mango on \u00fcks armastatumaid ja maitsvamaid troopilisi puuvilju ning on k\u00f5rgelt hinnatud selle mahlase ja v\u00e4rskendava maitse poolest. 100g toote kohta: Energia: 84,00KJ \/ 20,00kcal [&hellip;]<\/p>\n","protected":false},"featured_media":2458,"template":"","meta":[],"product_brand":[],"product_cat":[326],"product_tag":[],"class_list":{"0":"post-2428","1":"product","2":"type-product","3":"status-publish","4":"has-post-thumbnail","6":"product_cat-joogid","8":"first","9":"outofstock","10":"taxable","11":"shipping-taxable","12":"purchasable","13":"product-type-simple"},"_links":{"self":[{"href":"https:\/\/pipraveski.ee\/en\/wp-json\/wp\/v2\/product\/2428","targetHints":{"allow":["GET"]}}],"collection":[{"href":"https:\/\/pipraveski.ee\/en\/wp-json\/wp\/v2\/product"}],"about":[{"href":"https:\/\/pipraveski.ee\/en\/wp-json\/wp\/v2\/types\/product"}],"wp:featuredmedia":[{"embeddable":true,"href":"https:\/\/pipraveski.ee\/en\/wp-json\/wp\/v2\/media\/2458"}],"wp:attachment":[{"href":"https:\/\/pipraveski.ee\/en\/wp-json\/wp\/v2\/media?parent=2428"}],"wp:term":[{"taxonomy":"product_brand","embeddable":true,"href":"https:\/\/pipraveski.ee\/en\/wp-json\/wp\/v2\/product_brand?post=2428"},{"taxonomy":"product_cat","embeddable":true,"href":"https:\/\/pipraveski.ee\/en\/wp-json\/wp\/v2\/product_cat?post=2428"},{"taxonomy":"product_tag","embeddable":true,"href":"https:\/\/pipraveski.ee\/en\/wp-json\/wp\/v2\/product_tag?post=2428"}],"curies":[{"name":"wp","href":"https:\/\/api.w.org\/{rel}","templated":true}]}}