{"id":2425,"date":"2025-10-22T19:10:08","date_gmt":"2025-10-22T16:10:08","guid":{"rendered":"https:\/\/pipraveski.ee\/?post_type=product&#038;p=2425"},"modified":"2026-04-17T11:31:41","modified_gmt":"2026-04-17T08:31:41","slug":"tsilliseemned-trinidad-scorpion-moruga-10tk","status":"publish","type":"product","link":"https:\/\/pipraveski.ee\/en\/product\/tsilliseemned-trinidad-scorpion-moruga-10tk\/","title":{"rendered":"Chilli seeds, Trinidad Scorpion Moruga 10pcs"},"content":{"rendered":"<div>2012. aastal p\u00e4lvis Trinidad Scorpion Moruga maailma kuumima t\u0161illi tiitli. Seda kasvatati Trinidadis ja Tobagos, Venezuela ranniku l\u00e4hedal asuvas saareriigis. New Mexico osariigi \u00fclikooli T\u0161iili piprainstituudi m\u00f5\u00f5tmised andsid keskmiseks v\u00e4\u00e4rtuseks 1 207 764 Scoville&#8217;i soojus\u00fchikut tippv\u00e4\u00e4rtustega \u00fcle 2 miljoni SHU, mis on esimene kord, kui t\u0161illi taim saavutas v\u00e4\u00e4rtused \u00fcle 2 miljoni SHU.<\/div>\n<div>&nbsp;<\/div>\n<div>Trinidad Scorpion Moruga t\u0161illi paprika valmib rohelisest oran\u017eiks ja seej\u00e4rel punaseks, millel on tuline, kuid ka v\u00e4ga puuviljane maitse. Pildil on k\u00fcpsemata moruga t\u0161illi oran\u017eikas olekus. Erinevalt sortidest Trinidad Scorpion Red ja Butch T ei arene neil t\u0161illipipradel nii selgelt teravat teravikku, kuid ebatasane pind meenutab bhut jolokia t\u0161illit.<\/div>\n<div>&nbsp;<\/div>\n<div>Hooldus: Idanemistemperatuur on vahemikus 24\u00b0C kuni 30\u00b0C (idanemisperiood: 10-20 p\u00e4eva); seet\u00f5ttu on soovitatav kasutada kasvuhoonet ja k\u00fcttematti. Taimed vajavad v\u00e4rsket, h\u00e4sti v\u00e4etatud, vett l\u00e4bilaskvat mulda ega talu vettimist. Need tuleks istutada p\u00e4ikesepaistelisse, kaitstud kohta, kus on v\u00e4hemalt 6 tundi p\u00e4ikesevalgust \u2013 soovitavalt rohkem. Kuna taimedel on eriti pikk laagerdumisaeg, on soovitatav neid kasvatada potis, et saaksite taime h\u00f5lpsalt sisse tuua, kui temperatuur langeb p\u00e4eval alla 12\u00b0C, v\u00f5imaldades k\u00f5igil viljadel valmida. Taime \u00fcletalve s\u00e4ilitamiseks l\u00f5igake see p\u00e4rast koristamist 20 cm v\u00f5rra tagasi ja asetage valgusk\u00fcllasesse kohta, kus on v\u00e4hemalt 15 \u00b0C.<\/div>","protected":false},"excerpt":{"rendered":"<p>2012. aastal p\u00e4lvis Trinidad Scorpion Moruga maailma kuumima t\u0161illi tiitli. Seda kasvatati Trinidadis ja Tobagos, Venezuela ranniku l\u00e4hedal asuvas saareriigis. New Mexico osariigi \u00fclikooli T\u0161iili piprainstituudi m\u00f5\u00f5tmised andsid keskmiseks v\u00e4\u00e4rtuseks 1 207 764 Scoville&#8217;i soojus\u00fchikut tippv\u00e4\u00e4rtustega \u00fcle 2 miljoni SHU, mis on esimene kord, kui t\u0161illi taim saavutas v\u00e4\u00e4rtused \u00fcle 2 miljoni SHU.<\/p>","protected":false},"featured_media":2455,"template":"","meta":[],"product_brand":[],"product_cat":[329],"product_tag":[],"class_list":{"0":"post-2425","1":"product","2":"type-product","3":"status-publish","4":"has-post-thumbnail","6":"product_cat-tsillikasvatus","8":"first","9":"instock","10":"taxable","11":"shipping-taxable","12":"purchasable","13":"product-type-simple"},"_links":{"self":[{"href":"https:\/\/pipraveski.ee\/en\/wp-json\/wp\/v2\/product\/2425","targetHints":{"allow":["GET"]}}],"collection":[{"href":"https:\/\/pipraveski.ee\/en\/wp-json\/wp\/v2\/product"}],"about":[{"href":"https:\/\/pipraveski.ee\/en\/wp-json\/wp\/v2\/types\/product"}],"wp:featuredmedia":[{"embeddable":true,"href":"https:\/\/pipraveski.ee\/en\/wp-json\/wp\/v2\/media\/2455"}],"wp:attachment":[{"href":"https:\/\/pipraveski.ee\/en\/wp-json\/wp\/v2\/media?parent=2425"}],"wp:term":[{"taxonomy":"product_brand","embeddable":true,"href":"https:\/\/pipraveski.ee\/en\/wp-json\/wp\/v2\/product_brand?post=2425"},{"taxonomy":"product_cat","embeddable":true,"href":"https:\/\/pipraveski.ee\/en\/wp-json\/wp\/v2\/product_cat?post=2425"},{"taxonomy":"product_tag","embeddable":true,"href":"https:\/\/pipraveski.ee\/en\/wp-json\/wp\/v2\/product_tag?post=2425"}],"curies":[{"name":"wp","href":"https:\/\/api.w.org\/{rel}","templated":true}]}}