{"id":2416,"date":"2025-10-22T19:10:08","date_gmt":"2025-10-22T16:10:08","guid":{"rendered":"https:\/\/pipraveski.ee\/?post_type=product&#038;p=2416"},"modified":"2026-04-17T11:32:27","modified_gmt":"2026-04-17T08:32:27","slug":"siidriparm-10g","status":"publish","type":"product","link":"https:\/\/pipraveski.ee\/en\/product\/siidriparm-10g\/","title":{"rendered":"Silkworm, 10g"},"content":{"rendered":"<p>Siidrip\u00e4rmi pakike on m\u00f5eldud 25 liitri siidri valmistamiseks.<\/p>\n<p>Kasutamine: 0,3 liitris soojas vees (22-25C) lahustada p\u00e4rm.<br \/>\nLasta seista 30 min ja segada juurde mahlale.<br \/>\nHiljemalt 10 h p\u00e4rast algab k\u00e4\u00e4rimine.<\/p>","protected":false},"excerpt":{"rendered":"<p>Siidri valmistamiseks<\/p>","protected":false},"featured_media":2446,"template":"","meta":[],"product_brand":[],"product_cat":[328],"product_tag":[],"class_list":{"0":"post-2416","1":"product","2":"type-product","3":"status-publish","4":"has-post-thumbnail","6":"product_cat-veini-ja-olletarvikud","8":"first","9":"instock","10":"taxable","11":"shipping-taxable","12":"purchasable","13":"product-type-simple"},"_links":{"self":[{"href":"https:\/\/pipraveski.ee\/en\/wp-json\/wp\/v2\/product\/2416","targetHints":{"allow":["GET"]}}],"collection":[{"href":"https:\/\/pipraveski.ee\/en\/wp-json\/wp\/v2\/product"}],"about":[{"href":"https:\/\/pipraveski.ee\/en\/wp-json\/wp\/v2\/types\/product"}],"wp:featuredmedia":[{"embeddable":true,"href":"https:\/\/pipraveski.ee\/en\/wp-json\/wp\/v2\/media\/2446"}],"wp:attachment":[{"href":"https:\/\/pipraveski.ee\/en\/wp-json\/wp\/v2\/media?parent=2416"}],"wp:term":[{"taxonomy":"product_brand","embeddable":true,"href":"https:\/\/pipraveski.ee\/en\/wp-json\/wp\/v2\/product_brand?post=2416"},{"taxonomy":"product_cat","embeddable":true,"href":"https:\/\/pipraveski.ee\/en\/wp-json\/wp\/v2\/product_cat?post=2416"},{"taxonomy":"product_tag","embeddable":true,"href":"https:\/\/pipraveski.ee\/en\/wp-json\/wp\/v2\/product_tag?post=2416"}],"curies":[{"name":"wp","href":"https:\/\/api.w.org\/{rel}","templated":true}]}}