{"id":2415,"date":"2025-10-22T19:10:08","date_gmt":"2025-10-22T16:10:08","guid":{"rendered":"https:\/\/pipraveski.ee\/?post_type=product&#038;p=2415"},"modified":"2026-04-17T11:31:59","modified_gmt":"2026-04-17T08:31:59","slug":"fungus-seen-must-thai-dancer-100g","status":"publish","type":"product","link":"https:\/\/pipraveski.ee\/en\/product\/fungus-seen-must-thai-dancer-100g\/","title":{"rendered":"Fungus seen, must, Thai Dancer, 100g"},"content":{"rendered":"<p>Musta fungus seent kasuta n\u00e4iteks salatites, suppides, wokkides, kevadrulli t\u00e4idisena.<br \/>\nTekstuurilt on must fungus seen kr\u00f5mps; l\u00f5hn ja maitse v\u00e4ga tagasihoidlik.<\/p>\n<p>Ettevalmistus: leota fungust 15 minutit kuumas (v\u00e4hemalt 80 kraadises) vees enne kasutamist.<\/p>","protected":false},"excerpt":{"rendered":"<p>Kuivatatud mustad seened salatitele, suppidele jne<\/p>","protected":false},"featured_media":2445,"template":"","meta":[],"product_brand":[264],"product_cat":[321],"product_tag":[],"class_list":{"0":"post-2415","1":"product","2":"type-product","3":"status-publish","4":"has-post-thumbnail","6":"product_brand-thai-dancer","7":"product_cat-seemned-marjad-seened-jmt","9":"first","10":"instock","11":"taxable","12":"shipping-taxable","13":"purchasable","14":"product-type-simple"},"_links":{"self":[{"href":"https:\/\/pipraveski.ee\/en\/wp-json\/wp\/v2\/product\/2415","targetHints":{"allow":["GET"]}}],"collection":[{"href":"https:\/\/pipraveski.ee\/en\/wp-json\/wp\/v2\/product"}],"about":[{"href":"https:\/\/pipraveski.ee\/en\/wp-json\/wp\/v2\/types\/product"}],"wp:featuredmedia":[{"embeddable":true,"href":"https:\/\/pipraveski.ee\/en\/wp-json\/wp\/v2\/media\/2445"}],"wp:attachment":[{"href":"https:\/\/pipraveski.ee\/en\/wp-json\/wp\/v2\/media?parent=2415"}],"wp:term":[{"taxonomy":"product_brand","embeddable":true,"href":"https:\/\/pipraveski.ee\/en\/wp-json\/wp\/v2\/product_brand?post=2415"},{"taxonomy":"product_cat","embeddable":true,"href":"https:\/\/pipraveski.ee\/en\/wp-json\/wp\/v2\/product_cat?post=2415"},{"taxonomy":"product_tag","embeddable":true,"href":"https:\/\/pipraveski.ee\/en\/wp-json\/wp\/v2\/product_tag?post=2415"}],"curies":[{"name":"wp","href":"https:\/\/api.w.org\/{rel}","templated":true}]}}