{"id":2379,"date":"2025-10-22T19:09:54","date_gmt":"2025-10-22T16:09:54","guid":{"rendered":"https:\/\/pipraveski.ee\/?post_type=product&#038;p=2379"},"modified":"2026-04-17T11:33:06","modified_gmt":"2026-04-17T08:33:06","slug":"puuvilja-tee-segu-punase-veini-apelsini-kaneeli-noodiga-lusikal-1tk-6g","status":"publish","type":"product","link":"https:\/\/pipraveski.ee\/en\/product\/puuvilja-tee-segu-punase-veini-apelsini-kaneeli-noodiga-lusikal-1tk-6g\/","title":{"rendered":"Fruit tea blend, red wine- orange- cinnamon note, spoon, 1pcs, 6g"},"content":{"rendered":"<p>What makes this blend special is the traditional cane sugar heated over a flame, which slowly melts into a delicious caramel.<br \/>\nInstructions for use:100\u00b0C water temperature, 10-12 minutes brewing time.<\/p>\n<p>Ingredients: apple chunks, hibiscus blossoms, liquorice berries, rose hip peel, mistletoe, cinnamon sticks, flavouring (celery seed oil, sulphite), orange slices, cloves.<\/p>","protected":false},"excerpt":{"rendered":"<p>Selle segu teeb eriliseks traditsiooniline leegil kuumutatud roosuhkur, mis sulab aeglaselt maitsvaks karamelliks. Kasutusjuhend:100\u00b0C vee temperatuur, 10-12 minutit t\u00f5mbeaeg. Koostisained:&nbsp;\u00f5unat\u00fckid, hibiski \u00f5ied, leedrimarjad, kibuvitsa koor, puuv\u00f5\u00f5rik, kaneelipulgad, l\u00f5hna- ja maitseaine (selleriseemne\u00f5li, sulfit), apelsiniviilud, nelk.<\/p>","protected":false},"featured_media":3902,"template":"","meta":[],"product_brand":[],"product_cat":[327],"product_tag":[],"class_list":{"0":"post-2379","1":"product","2":"type-product","3":"status-publish","4":"has-post-thumbnail","6":"product_cat-kohv-tee","8":"first","9":"outofstock","10":"taxable","11":"shipping-taxable","12":"purchasable","13":"product-type-simple"},"_links":{"self":[{"href":"https:\/\/pipraveski.ee\/en\/wp-json\/wp\/v2\/product\/2379","targetHints":{"allow":["GET"]}}],"collection":[{"href":"https:\/\/pipraveski.ee\/en\/wp-json\/wp\/v2\/product"}],"about":[{"href":"https:\/\/pipraveski.ee\/en\/wp-json\/wp\/v2\/types\/product"}],"wp:featuredmedia":[{"embeddable":true,"href":"https:\/\/pipraveski.ee\/en\/wp-json\/wp\/v2\/media\/3902"}],"wp:attachment":[{"href":"https:\/\/pipraveski.ee\/en\/wp-json\/wp\/v2\/media?parent=2379"}],"wp:term":[{"taxonomy":"product_brand","embeddable":true,"href":"https:\/\/pipraveski.ee\/en\/wp-json\/wp\/v2\/product_brand?post=2379"},{"taxonomy":"product_cat","embeddable":true,"href":"https:\/\/pipraveski.ee\/en\/wp-json\/wp\/v2\/product_cat?post=2379"},{"taxonomy":"product_tag","embeddable":true,"href":"https:\/\/pipraveski.ee\/en\/wp-json\/wp\/v2\/product_tag?post=2379"}],"curies":[{"name":"wp","href":"https:\/\/api.w.org\/{rel}","templated":true}]}}