{"id":2378,"date":"2025-10-22T19:09:54","date_gmt":"2025-10-22T16:09:54","guid":{"rendered":"https:\/\/pipraveski.ee\/?post_type=product&#038;p=2378"},"modified":"2026-04-17T11:31:49","modified_gmt":"2026-04-17T08:31:49","slug":"black-mamba-chilli-paste-200g","status":"publish","type":"product","link":"https:\/\/pipraveski.ee\/en\/product\/black-mamba-chilli-paste-200g\/","title":{"rendered":"Black Mamba Chilli Paste, 200g"},"content":{"rendered":"<p>L\u00f5una-Aafrikast p\u00e4rit Black Mamba tooted on valmistatud mahep\u00f5llumajanduslikult kasvatatud koostisosadest ega sisalda lisaaineid.<\/p>\n<p>Koostisosad:&nbsp;\u00c4\u00e4dikas, ingver, k\u00fc\u00fcslauk, t\u0161illi (22%), sibul, sidrunimahl, vesi, suhkur, sool, \u00fcrdid, p\u00e4evalille\u00f5li, stabilisaator (ksantaankummi).<\/p>\n<p>Sega kokku! Toorjuustuga tuliseks ja maitsvaks dipiks.<br \/>\nM\u00e4\u00e4ri! Kana peal m\u00f5nusalt kuumaks marinaadiks v\u00f5i v\u00f5ileivale lisamaitse saamiseks.<br \/>\nArmasta! Karrides, friikartulites ja pastakastmetes kuumuse ja maitse plahvatuslikuks muutmiseks.<\/p>\n<p>Black Mamba soovib inspireerida asjatundjaid jagama oma kirge Aafrika, v\u00fcrtsikate maitsete vastu ning p\u00fchendumist rohelisemale ja \u00f5iglasemale maailmale. Nad on Inglismaal v\u00f5itnud mitu Great Taste Awardi auhinda.<\/p>\n<p><span style=\"font-size: 13px\">Nutrition information per 100 g<\/span><br style=\"font-size: 13px\" \/><br \/>\n<span style=\"font-size: 13px\">Energiasisaldus 98 kj\/ 23kcal<\/span><br style=\"font-size: 13px\" \/><br \/>\n<span style=\"font-size: 13px\">Rasvad 1,4 g<\/span><br style=\"font-size: 13px\" \/><br \/>\n<span style=\"font-size: 13px\">of which saturated fatty acids 0,3g<\/span><br style=\"font-size: 13px\" \/><br \/>\n<span style=\"font-size: 13px\">S\u00fcsivesikud 7,9g<\/span><br style=\"font-size: 13px\" \/><br \/>\n<span style=\"font-size: 13px\">millest suhkrud 7,9g<\/span><br style=\"font-size: 13px\" \/><br \/>\n<span style=\"font-size: 13px\">Protein 0,4 g<\/span><br style=\"font-size: 13px\" \/><br \/>\n<span style=\"font-size: 13px\">Salt 1,4g<\/span><\/p>","protected":false},"excerpt":{"rendered":"<p>Must mamba on \u00fcks ohtlikumaid madusid Aafrikas&#8230; Olge ettevaatlik, sest see kaste tabab teid valusalt maitsva suut\u00e4iega!<\/p>","protected":false},"featured_media":2407,"template":"","meta":[],"product_brand":[],"product_cat":[308],"product_tag":[],"class_list":{"0":"post-2378","1":"product","2":"type-product","3":"status-publish","4":"has-post-thumbnail","6":"product_cat-maitseaine-pastad-kastmed","8":"first","9":"outofstock","10":"taxable","11":"shipping-taxable","12":"purchasable","13":"product-type-simple"},"_links":{"self":[{"href":"https:\/\/pipraveski.ee\/en\/wp-json\/wp\/v2\/product\/2378","targetHints":{"allow":["GET"]}}],"collection":[{"href":"https:\/\/pipraveski.ee\/en\/wp-json\/wp\/v2\/product"}],"about":[{"href":"https:\/\/pipraveski.ee\/en\/wp-json\/wp\/v2\/types\/product"}],"wp:featuredmedia":[{"embeddable":true,"href":"https:\/\/pipraveski.ee\/en\/wp-json\/wp\/v2\/media\/2407"}],"wp:attachment":[{"href":"https:\/\/pipraveski.ee\/en\/wp-json\/wp\/v2\/media?parent=2378"}],"wp:term":[{"taxonomy":"product_brand","embeddable":true,"href":"https:\/\/pipraveski.ee\/en\/wp-json\/wp\/v2\/product_brand?post=2378"},{"taxonomy":"product_cat","embeddable":true,"href":"https:\/\/pipraveski.ee\/en\/wp-json\/wp\/v2\/product_cat?post=2378"},{"taxonomy":"product_tag","embeddable":true,"href":"https:\/\/pipraveski.ee\/en\/wp-json\/wp\/v2\/product_tag?post=2378"}],"curies":[{"name":"wp","href":"https:\/\/api.w.org\/{rel}","templated":true}]}}