{"id":2376,"date":"2025-10-22T19:09:54","date_gmt":"2025-10-22T16:09:54","guid":{"rendered":"https:\/\/pipraveski.ee\/?post_type=product&#038;p=2376"},"modified":"2026-04-17T11:32:22","modified_gmt":"2026-04-17T08:32:22","slug":"karripasta-kollane-195g","status":"publish","type":"product","link":"https:\/\/pipraveski.ee\/en\/product\/karripasta-kollane-195g\/","title":{"rendered":"Karripasta, kollane, Flying Goose, 195g"},"content":{"rendered":"<p>Taip\u00e4rane kollane karripasta.<\/p>\n<p>Sobib suurep\u00e4raselt kollase karri valmistamiseks.<br \/>\nLisa wok pannile \u00f5li, karripasta ja kookospiim, kuumuta ca 30 sek. Lisa soovitud liha (nt kana t\u00fckid), k\u00f6\u00f6giviljad ja laimilehe ribad, kuumuta valmimiseni. Maitsesta kalakastmega ja serveeri riisiga (nt basmati v\u00f5i jasmiini riisiga).<\/p>\n<p>Koostisosad: SOJA\u00f5li, sidrunhein, sool, t\u0161illi, \u0161alottsibul, suhkur, kurkum, k\u00fc\u00fcslauk, karripulber (koriander, kaneel, kurkum, t\u00e4htaniis, nelk), v\u00fcrtsk\u00f6\u00f6mned.<\/p>\n<p>Nutrition information per 100g<br \/>\nEnergiasisaldus 877 kJ \/ 212 kcal<br \/>\nFats 17g<br \/>\nmillest k\u00fcllastnunud rasvhapped 3g<br \/>\nCarbohydrates 8,7g<br \/>\nmillest suhkrud 8,4g<br \/>\nProtein 3,1g<br \/>\nSool 7,4g<\/p>\n<p>Country of origin: Thailand<\/p>","protected":false},"excerpt":{"rendered":"<p>Kollane karripasta<\/p>","protected":false},"featured_media":2406,"template":"","meta":[],"product_brand":[],"product_cat":[308],"product_tag":[],"class_list":{"0":"post-2376","1":"product","2":"type-product","3":"status-publish","4":"has-post-thumbnail","6":"product_cat-maitseaine-pastad-kastmed","8":"first","9":"instock","10":"taxable","11":"shipping-taxable","12":"purchasable","13":"product-type-simple"},"_links":{"self":[{"href":"https:\/\/pipraveski.ee\/en\/wp-json\/wp\/v2\/product\/2376","targetHints":{"allow":["GET"]}}],"collection":[{"href":"https:\/\/pipraveski.ee\/en\/wp-json\/wp\/v2\/product"}],"about":[{"href":"https:\/\/pipraveski.ee\/en\/wp-json\/wp\/v2\/types\/product"}],"wp:featuredmedia":[{"embeddable":true,"href":"https:\/\/pipraveski.ee\/en\/wp-json\/wp\/v2\/media\/2406"}],"wp:attachment":[{"href":"https:\/\/pipraveski.ee\/en\/wp-json\/wp\/v2\/media?parent=2376"}],"wp:term":[{"taxonomy":"product_brand","embeddable":true,"href":"https:\/\/pipraveski.ee\/en\/wp-json\/wp\/v2\/product_brand?post=2376"},{"taxonomy":"product_cat","embeddable":true,"href":"https:\/\/pipraveski.ee\/en\/wp-json\/wp\/v2\/product_cat?post=2376"},{"taxonomy":"product_tag","embeddable":true,"href":"https:\/\/pipraveski.ee\/en\/wp-json\/wp\/v2\/product_tag?post=2376"}],"curies":[{"name":"wp","href":"https:\/\/api.w.org\/{rel}","templated":true}]}}