{"id":2375,"date":"2025-10-22T19:09:54","date_gmt":"2025-10-22T16:09:54","guid":{"rendered":"https:\/\/pipraveski.ee\/?post_type=product&#038;p=2375"},"modified":"2026-04-17T11:31:48","modified_gmt":"2026-04-17T08:31:48","slug":"vurtsipasta-indiaparasele-voikanale-ahg-50g","status":"publish","type":"product","link":"https:\/\/pipraveski.ee\/en\/product\/vurtsipasta-indiaparasele-voikanale-ahg-50g\/","title":{"rendered":"Spice paste for Indian butter chicken, AHG, 50g"},"content":{"rendered":"<p>Mahedamaitseline v\u00fcrtsipasta sobib h\u00e4sti v\u00f5ise kana valmistamiseks.<\/p>\n<p>Retsept 4-le (Murgh Makhani):<br \/>\n1 pakk v\u00fcrtsipastat, 3 spl v\u00f5id, 1 suur sibul (peeneks hakitud), pool tassi (110ml) tomatipastat v\u00f5i t\u00fckeldatud tomatit, pool tassi vett, pool tassi koort v\u00f5i jogurtit (lisaks 1 spl garneerimiseks), 450g kanaliha, koriandrilehti.<br \/>\nPreparation:<br \/>\nKuumutage pannil v\u00f5i ning praadige sibula t\u00fckid 3 min.<br \/>\nLisage tomatipasta, vesi, koor ja v\u00fcrtsipasta.<br \/>\nLisa t\u00fckeldatud liha ja k\u00fcpseta kaanega 20 min.<br \/>\nServeeri natukese koore v\u00f5i jogurtiga ja koriandrilehtedega.<\/p>\n<p>Koostisosad: tomatip\u00fcree 23%, SOJA\u00f5li, sibul, sool, suhkur, koriander, t\u0161illi, k\u00fc\u00fcslauk, \u00e4\u00e4dikas, ingver, maitsetaimed ja v\u00fcrtsid, cayenne pipar, must pipar, happesuseregulaator: sidrunhape.<\/p>\n<p>Free of preservatives, colourings and MSG!<\/p>\n<p>Nutrition information per 100g:<br \/>\nEnergiasisaldus&nbsp; 870kJ\/208kcal<br \/>\nFats 16g<br \/>\nmillest k\u00fcllastunud rasvhapped 2,4g<br \/>\nS\u00fcsivesikud 6,3g<br \/>\nof which sugars 6,2g<br \/>\nKiudained 4,2g<br \/>\nValgud 8,3g<br \/>\nSool 8,5g<\/p>\n<p>Country of origin: Thailand<\/p>","protected":false},"excerpt":{"rendered":"<p>Indiap\u00e4rasele v\u00f5isele kanale &#8211; s\u00e4ilitusainete, v\u00e4rvainete ja MSG vaba.<\/p>","protected":false},"featured_media":2405,"template":"","meta":[],"product_brand":[266],"product_cat":[308],"product_tag":[],"class_list":{"0":"post-2375","1":"product","2":"type-product","3":"status-publish","4":"has-post-thumbnail","6":"product_brand-ahg","7":"product_cat-maitseaine-pastad-kastmed","9":"first","10":"instock","11":"taxable","12":"shipping-taxable","13":"purchasable","14":"product-type-simple"},"_links":{"self":[{"href":"https:\/\/pipraveski.ee\/en\/wp-json\/wp\/v2\/product\/2375","targetHints":{"allow":["GET"]}}],"collection":[{"href":"https:\/\/pipraveski.ee\/en\/wp-json\/wp\/v2\/product"}],"about":[{"href":"https:\/\/pipraveski.ee\/en\/wp-json\/wp\/v2\/types\/product"}],"wp:featuredmedia":[{"embeddable":true,"href":"https:\/\/pipraveski.ee\/en\/wp-json\/wp\/v2\/media\/2405"}],"wp:attachment":[{"href":"https:\/\/pipraveski.ee\/en\/wp-json\/wp\/v2\/media?parent=2375"}],"wp:term":[{"taxonomy":"product_brand","embeddable":true,"href":"https:\/\/pipraveski.ee\/en\/wp-json\/wp\/v2\/product_brand?post=2375"},{"taxonomy":"product_cat","embeddable":true,"href":"https:\/\/pipraveski.ee\/en\/wp-json\/wp\/v2\/product_cat?post=2375"},{"taxonomy":"product_tag","embeddable":true,"href":"https:\/\/pipraveski.ee\/en\/wp-json\/wp\/v2\/product_tag?post=2375"}],"curies":[{"name":"wp","href":"https:\/\/api.w.org\/{rel}","templated":true}]}}