{"id":2372,"date":"2025-10-22T19:09:54","date_gmt":"2025-10-22T16:09:54","guid":{"rendered":"https:\/\/pipraveski.ee\/?post_type=product&#038;p=2372"},"modified":"2026-04-17T11:33:18","modified_gmt":"2026-04-17T08:33:18","slug":"pain-100-terav-kaste-212ml","status":"publish","type":"product","link":"https:\/\/pipraveski.ee\/en\/product\/pain-100-terav-kaste-212ml\/","title":{"rendered":"Pain 100% terav kaste, 142g"},"content":{"rendered":"<p><span style=\"font-size:14px\">Kui teile meeldib puhas ja selge maitseprofiil, v\u00f5ite sellest kastmest s\u00f5ltuvusse j\u00e4\u00e4da. Kuid \u00e4rge unustage, et see kaste on asetatud v\u00fcrtside skaala \u00e4\u00e4rmisesse otsa. Sobib ainult kogenud t\u0161illis\u00f5pradele ja ka siis peaks alati olema l\u00e4hedal klaas piima.<\/span><\/p>\n<div class=\"product--description\" style=\", sans-serif;font-size: 15px\">\n<p style=\"font-size: 0.975rem;line-height: 1.5rem;margin: 0rem 0rem 1.25rem\">\n<span style=\"font-size:14px\"><span>Ingredients:&nbsp;<\/span>Habanero t\u0161illi, vesi, tomatip\u00fcree, t\u0161illiekstrakt, sool, v\u00fcrtsid.<\/span><\/p>\n<\/div>\n<p>\nNutrition information per 100 g<br \/>\nEnergiasisaldus 251 kJ \/ 60 kcal<br \/>\nRasvad 2,0g&nbsp;<br \/>\nK\u00fcllastunud rasvhapped 0,0g<br \/>\nCarbohydrates 8,0g<br \/>\nSuhkur 2,0g<br \/>\nProtein 2,0g<br \/>\nSool 4,9g<\/p>\n<p>P\u00e4rast avamist v\u00f5ib toodet s\u00e4ilitada v\u00e4hemalt 6 kuud temperatuuril alla 7\u00b0C.<\/p>","protected":false},"excerpt":{"rendered":"<p>Pain 100% Hot Sauce- 100% habanero maitse, kerge \u00e4\u00e4dikhappe varjundiga ja ilma segajateta.<\/p>","protected":false},"featured_media":5622,"template":"","meta":[],"product_brand":[],"product_cat":[317],"product_tag":[],"class_list":{"0":"post-2372","1":"product","2":"type-product","3":"status-publish","4":"has-post-thumbnail","6":"product_cat-kastmed-sinepid-tsatnid","8":"first","9":"outofstock","10":"taxable","11":"shipping-taxable","12":"purchasable","13":"product-type-simple"},"_links":{"self":[{"href":"https:\/\/pipraveski.ee\/en\/wp-json\/wp\/v2\/product\/2372","targetHints":{"allow":["GET"]}}],"collection":[{"href":"https:\/\/pipraveski.ee\/en\/wp-json\/wp\/v2\/product"}],"about":[{"href":"https:\/\/pipraveski.ee\/en\/wp-json\/wp\/v2\/types\/product"}],"wp:featuredmedia":[{"embeddable":true,"href":"https:\/\/pipraveski.ee\/en\/wp-json\/wp\/v2\/media\/5622"}],"wp:attachment":[{"href":"https:\/\/pipraveski.ee\/en\/wp-json\/wp\/v2\/media?parent=2372"}],"wp:term":[{"taxonomy":"product_brand","embeddable":true,"href":"https:\/\/pipraveski.ee\/en\/wp-json\/wp\/v2\/product_brand?post=2372"},{"taxonomy":"product_cat","embeddable":true,"href":"https:\/\/pipraveski.ee\/en\/wp-json\/wp\/v2\/product_cat?post=2372"},{"taxonomy":"product_tag","embeddable":true,"href":"https:\/\/pipraveski.ee\/en\/wp-json\/wp\/v2\/product_tag?post=2372"}],"curies":[{"name":"wp","href":"https:\/\/api.w.org\/{rel}","templated":true}]}}