{"id":2367,"date":"2025-10-22T19:09:54","date_gmt":"2025-10-22T16:09:54","guid":{"rendered":"https:\/\/pipraveski.ee\/?post_type=product&#038;p=2367"},"modified":"2026-04-17T11:32:50","modified_gmt":"2026-04-17T08:32:50","slug":"ingveri-ja-kookose-vurtsisegu-rub-80g","status":"publish","type":"product","link":"https:\/\/pipraveski.ee\/en\/product\/ingveri-ja-kookose-vurtsisegu-rub-80g\/","title":{"rendered":"Ginger and coconut spice mix RUB, 80g"},"content":{"rendered":"<p>V\u00fcrtsisegu lihale ja kalale.<\/p>\n<p>Kulunorm: 40g \/ 1kg.<\/p>\n<p>Koostisosad: kookos, suhkur, sool, v\u00fcrtsid (kurkum, paprika, koriander, lambal\u00e4\u00e4ts, k\u00fc\u00fcslauk, t\u0161illi, v\u00fcrtsk\u00f6\u00f6mned, must pipar, ingver, sibul), kartulit\u00e4rklis, l\u00f5hna-ja maitseained.<\/p>\n<p>Toitumisalane teave 1625 kJ \/ 389 kcal<br \/>\nRasv 27,2g<br \/>\nmillest k\u00fcllastnud rasvhapped 22,3g<br \/>\nS\u00fcsivesikud 37,2g<br \/>\nmillest suhkrud 34,5g<br \/>\nKiudaineid 0,1g<br \/>\nValgud 3,8g<br \/>\nSool 19,0g<br \/>\nNaatrium 7,6g<\/p>","protected":false},"excerpt":{"rendered":"<p>V\u00fcrtsisegu lihale ja kalale. Kulunorm: 40g \/ 1kg. Koostisosad: kookos, suhkur, sool, v\u00fcrtsid (kurkum, paprika, koriander, lambal\u00e4\u00e4ts, k\u00fc\u00fcslauk, t\u0161illi, v\u00fcrtsk\u00f6\u00f6mned, must pipar, ingver, sibul), kartulit\u00e4rklis, l\u00f5hna-ja maitseained. Toitumisalane teave 1625 kJ \/ 389 kcal Rasv 27,2g millest k\u00fcllastnud rasvhapped 22,3g S\u00fcsivesikud 37,2g millest suhkrud 34,5g Kiudaineid 0,1g Valgud 3,8g Sool 19,0g Naatrium 7,6g<\/p>","protected":false},"featured_media":6033,"template":"","meta":[],"product_brand":[],"product_cat":[307],"product_tag":[],"class_list":{"0":"post-2367","1":"product","2":"type-product","3":"status-publish","4":"has-post-thumbnail","6":"product_cat-maitseainesegud","8":"first","9":"instock","10":"taxable","11":"shipping-taxable","12":"purchasable","13":"product-type-simple"},"_links":{"self":[{"href":"https:\/\/pipraveski.ee\/en\/wp-json\/wp\/v2\/product\/2367","targetHints":{"allow":["GET"]}}],"collection":[{"href":"https:\/\/pipraveski.ee\/en\/wp-json\/wp\/v2\/product"}],"about":[{"href":"https:\/\/pipraveski.ee\/en\/wp-json\/wp\/v2\/types\/product"}],"wp:featuredmedia":[{"embeddable":true,"href":"https:\/\/pipraveski.ee\/en\/wp-json\/wp\/v2\/media\/6033"}],"wp:attachment":[{"href":"https:\/\/pipraveski.ee\/en\/wp-json\/wp\/v2\/media?parent=2367"}],"wp:term":[{"taxonomy":"product_brand","embeddable":true,"href":"https:\/\/pipraveski.ee\/en\/wp-json\/wp\/v2\/product_brand?post=2367"},{"taxonomy":"product_cat","embeddable":true,"href":"https:\/\/pipraveski.ee\/en\/wp-json\/wp\/v2\/product_cat?post=2367"},{"taxonomy":"product_tag","embeddable":true,"href":"https:\/\/pipraveski.ee\/en\/wp-json\/wp\/v2\/product_tag?post=2367"}],"curies":[{"name":"wp","href":"https:\/\/api.w.org\/{rel}","templated":true}]}}