{"id":2364,"date":"2025-10-22T19:09:53","date_gmt":"2025-10-22T16:09:53","guid":{"rendered":"https:\/\/pipraveski.ee\/?post_type=product&#038;p=2364"},"modified":"2026-04-17T11:32:52","modified_gmt":"2026-04-17T08:32:52","slug":"kaste-mango-habanero-bio-100ml","status":"publish","type":"product","link":"https:\/\/pipraveski.ee\/en\/product\/kaste-mango-habanero-bio-100ml\/","title":{"rendered":"Mango - Habanero sauce, Organic, 100ml"},"content":{"rendered":"<p>Mango Habanero kuum kaste ainulaadse Chilisordiga Bonda Ma Jaques on \u00fclimalt maitsev puuviljane tuline kaste. Bonda Ma Jaques on haruldane sort, mis p\u00e4rineb Kariibi mere saarelt St Lucialt ja mida kasvatab Rootsis Sk\u00e5nsk Chili. Bonda Ma Jaquesil on valdav, intensiivne aromaatsete troopiliste puuviljade l\u00f5hn ja see saavutab m\u00e4rkimisv\u00e4\u00e4rse Scoville&#8217;i v\u00e4\u00e4rtuse 225 000\u2013350 000.<\/p>\n<p>Kuum kaste sisaldab ka mangot ja virsikut ning on seet\u00f5ttu eriti puuviljane ja l\u00f5hnav \u2013 sobib v\u00e4ga h\u00e4sti kanaliha, Aasia roogade ja hamburgeritega.<\/p>\n<p>Sk\u00e5nski t\u0161illikastmed on kirgliku orgaanilise t\u0161illi kasvatamise ja kvaliteetse toidu tootmise tulemus. Sk\u00e5nsk Chili ei taha toota ainult v\u00f5imalikult v\u00fcrtsikaid t\u0161illikasteid, vaid ka erineva kuumusastme ja tugeva iseloomuga, eriti rikkaliku maitse ja k\u00f5rge \u00e4ratundmisv\u00e4\u00e4rtusega t\u0161illikastmeid.<\/p>\n<p>S\u00e4ilitamine: Enne kasutamist loksutada. P\u00e4rast avamist hoida jahedas.<\/p>\n<p><strong>Ingredients:&nbsp;<\/strong>Habanero t\u0161illi* (25%), vesi, mango*, marineeritud virsik* (virsik*, roosuhkur*, sidrunimahl*), sibul*, sidrunimahl*, suhkur, SINEP*, sool, askorbiinhape* maheviljelusest.<\/p>\n<p><strong>Tuntud allergeenid:&nbsp;<\/strong>sinep.<\/p>\n<p><strong>Nutrition information per 100g:<\/strong><br \/>\nEnergiasisaldus 195KJ\/47kcal<br \/>\nFats 0,1g<br \/>\nof which saturated fatty acids 0g<br \/>\nS\u00fcsivesikud 10,1g<br \/>\nmillest suhkrud 5,2g<br \/>\nValgud 0,8g<br \/>\nSalt 1g<\/p>\n<p>P\u00e4ritolumaa: Rootsi<\/p>","protected":false},"excerpt":{"rendered":"<p>Mango Habanero kuum kaste ainulaadse Chilisordiga Bonda Ma Jaques on \u00fclimalt maitsev puuviljane tuline kaste. <\/p>","protected":false},"featured_media":2395,"template":"","meta":[],"product_brand":[],"product_cat":[317],"product_tag":[],"class_list":{"0":"post-2364","1":"product","2":"type-product","3":"status-publish","4":"has-post-thumbnail","6":"product_cat-kastmed-sinepid-tsatnid","8":"first","9":"outofstock","10":"taxable","11":"shipping-taxable","12":"purchasable","13":"product-type-simple"},"_links":{"self":[{"href":"https:\/\/pipraveski.ee\/en\/wp-json\/wp\/v2\/product\/2364","targetHints":{"allow":["GET"]}}],"collection":[{"href":"https:\/\/pipraveski.ee\/en\/wp-json\/wp\/v2\/product"}],"about":[{"href":"https:\/\/pipraveski.ee\/en\/wp-json\/wp\/v2\/types\/product"}],"wp:featuredmedia":[{"embeddable":true,"href":"https:\/\/pipraveski.ee\/en\/wp-json\/wp\/v2\/media\/2395"}],"wp:attachment":[{"href":"https:\/\/pipraveski.ee\/en\/wp-json\/wp\/v2\/media?parent=2364"}],"wp:term":[{"taxonomy":"product_brand","embeddable":true,"href":"https:\/\/pipraveski.ee\/en\/wp-json\/wp\/v2\/product_brand?post=2364"},{"taxonomy":"product_cat","embeddable":true,"href":"https:\/\/pipraveski.ee\/en\/wp-json\/wp\/v2\/product_cat?post=2364"},{"taxonomy":"product_tag","embeddable":true,"href":"https:\/\/pipraveski.ee\/en\/wp-json\/wp\/v2\/product_tag?post=2364"}],"curies":[{"name":"wp","href":"https:\/\/api.w.org\/{rel}","templated":true}]}}