{"id":2363,"date":"2025-10-22T19:09:53","date_gmt":"2025-10-22T16:09:53","guid":{"rendered":"https:\/\/pipraveski.ee\/?post_type=product&#038;p=2363"},"modified":"2026-04-17T11:33:09","modified_gmt":"2026-04-17T08:33:09","slug":"barbariss-kukerpuu-50g","status":"publish","type":"product","link":"https:\/\/pipraveski.ee\/en\/product\/barbariss-kukerpuu-50g\/","title":{"rendered":"Barbariss, (kukerpuu) 50g"},"content":{"rendered":"<p>Barbarissi ehk kukerpuu marjasid kasutatakse gruusia k\u00f6\u00f6gis toitudele, n\u00e4iteks pilafile, hapuka maitse andmiseks.<br \/>\nKa barbarissi kommid on oma maitse saanud nendelt marjadelt.<br \/>\nMaitselt on barbariss umbes sama hapu nagu j\u00f5hvikas.<\/p>","protected":false},"excerpt":{"rendered":"<p>Hapukad marjad toitude, n\u00e4iteks pilafi, maitsestamiseks.<\/p>","protected":false},"featured_media":2394,"template":"","meta":[],"product_brand":[],"product_cat":[338],"product_tag":[],"class_list":{"0":"post-2363","1":"product","2":"type-product","3":"status-publish","4":"has-post-thumbnail","6":"product_cat-puhtad-maitsed","8":"first","9":"instock","10":"taxable","11":"shipping-taxable","12":"purchasable","13":"product-type-simple"},"_links":{"self":[{"href":"https:\/\/pipraveski.ee\/en\/wp-json\/wp\/v2\/product\/2363","targetHints":{"allow":["GET"]}}],"collection":[{"href":"https:\/\/pipraveski.ee\/en\/wp-json\/wp\/v2\/product"}],"about":[{"href":"https:\/\/pipraveski.ee\/en\/wp-json\/wp\/v2\/types\/product"}],"wp:featuredmedia":[{"embeddable":true,"href":"https:\/\/pipraveski.ee\/en\/wp-json\/wp\/v2\/media\/2394"}],"wp:attachment":[{"href":"https:\/\/pipraveski.ee\/en\/wp-json\/wp\/v2\/media?parent=2363"}],"wp:term":[{"taxonomy":"product_brand","embeddable":true,"href":"https:\/\/pipraveski.ee\/en\/wp-json\/wp\/v2\/product_brand?post=2363"},{"taxonomy":"product_cat","embeddable":true,"href":"https:\/\/pipraveski.ee\/en\/wp-json\/wp\/v2\/product_cat?post=2363"},{"taxonomy":"product_tag","embeddable":true,"href":"https:\/\/pipraveski.ee\/en\/wp-json\/wp\/v2\/product_tag?post=2363"}],"curies":[{"name":"wp","href":"https:\/\/api.w.org\/{rel}","templated":true}]}}