{"id":2356,"date":"2025-10-22T19:09:53","date_gmt":"2025-10-22T16:09:53","guid":{"rendered":"https:\/\/pipraveski.ee\/?post_type=product&#038;p=2356"},"modified":"2026-04-17T11:33:17","modified_gmt":"2026-04-17T08:33:17","slug":"mango-marineeritud-mild-283g-pataks","status":"publish","type":"product","link":"https:\/\/pipraveski.ee\/en\/product\/mango-marineeritud-mild-283g-pataks\/","title":{"rendered":"Mango, pickled, (mild), 283g (Patak's)"},"content":{"rendered":"<p>Nutrition information per 100g:<br \/>\nEnergiasisaldus 598kj\/144kcal<br \/>\nRasvad 16,6g<br \/>\nof which saturated fatty acids 0,9g<br \/>\nCarbohydrates 8,7g<br \/>\nof which sugars 1,7g<br \/>\nProtein 1,5g<br \/>\nSool 10g<\/p>","protected":false},"excerpt":{"rendered":"<p>Koostis: mangod (68%), sool, rapsi\u00f5li, jahvatatud v\u00fcrtsid (3%) (v\u00fcrtsid, kurkum, t\u0161illi), happerugulaator (\u00e4\u00e4dikhape), SINEPIpulber, apteegitilli seemned, lambal\u00e4\u00e4tse seemned, mustad SINEPIseemned, ajowani seemned, v\u00fcrtsk\u00f6\u00f6mned, aed-mustk\u00f6\u00f6mne seemned.<\/p>","protected":false},"featured_media":2387,"template":"","meta":[],"product_brand":[245],"product_cat":[323],"product_tag":[],"class_list":{"0":"post-2356","1":"product","2":"type-product","3":"status-publish","4":"has-post-thumbnail","6":"product_brand-pataks","7":"product_cat-konservid","9":"first","10":"outofstock","11":"taxable","12":"shipping-taxable","13":"purchasable","14":"product-type-simple"},"_links":{"self":[{"href":"https:\/\/pipraveski.ee\/en\/wp-json\/wp\/v2\/product\/2356","targetHints":{"allow":["GET"]}}],"collection":[{"href":"https:\/\/pipraveski.ee\/en\/wp-json\/wp\/v2\/product"}],"about":[{"href":"https:\/\/pipraveski.ee\/en\/wp-json\/wp\/v2\/types\/product"}],"wp:featuredmedia":[{"embeddable":true,"href":"https:\/\/pipraveski.ee\/en\/wp-json\/wp\/v2\/media\/2387"}],"wp:attachment":[{"href":"https:\/\/pipraveski.ee\/en\/wp-json\/wp\/v2\/media?parent=2356"}],"wp:term":[{"taxonomy":"product_brand","embeddable":true,"href":"https:\/\/pipraveski.ee\/en\/wp-json\/wp\/v2\/product_brand?post=2356"},{"taxonomy":"product_cat","embeddable":true,"href":"https:\/\/pipraveski.ee\/en\/wp-json\/wp\/v2\/product_cat?post=2356"},{"taxonomy":"product_tag","embeddable":true,"href":"https:\/\/pipraveski.ee\/en\/wp-json\/wp\/v2\/product_tag?post=2356"}],"curies":[{"name":"wp","href":"https:\/\/api.w.org\/{rel}","templated":true}]}}