{"id":2352,"date":"2025-10-22T19:09:53","date_gmt":"2025-10-22T16:09:53","guid":{"rendered":"https:\/\/pipraveski.ee\/?post_type=product&#038;p=2352"},"modified":"2026-04-17T11:32:06","modified_gmt":"2026-04-17T08:32:06","slug":"himaalaja-sool-roosa-05-09mm-500g","status":"publish","type":"product","link":"https:\/\/pipraveski.ee\/en\/product\/himaalaja-sool-roosa-05-09mm-500g\/","title":{"rendered":"Himalayan salt, pink, 0,5-0,9mm, 500g"},"content":{"rendered":"<p><span style=\"font-size: 14px\"><span style=\"font-family: verdana, geneva, sans-serif\"><span>Maitse poolest erineb Himaalaja sool teistest soolaliikidest oluliselt. Selle aroom ja maitse t\u00e4iendavad suurel m\u00e4\u00e4ral toor- ja valmistoiduainete maitset. Seda t\u00e4iesti puhast, ilma lisaaineteta soola kaevandatakse Himaalaja m\u00e4gedes k\u00e4sitsi, kasutamata l\u00f5hkeaineid ning j\u00e4rgides esivanemate iidseid traditsioone. Roosa Himaalaja sool sisaldab 84 elementi ja 200 keemilist \u00fchendit.<\/span><\/span><\/p>\n<p>Koostisosad: Himaalaja sool.<\/span><\/p>\n<p><span style=\"font-size: 14px\"><span style=\"font-family: Roboto, sans-serif\">Main chemical parameters:<\/span><br style=\"font-family: Roboto, sans-serif;font-size: 18px\" \/><br \/>\n<span style=\"font-family: Roboto, sans-serif\">Naatriumkloriid (NaCl) 98,5%<\/span><br style=\"font-family: Roboto, sans-serif;font-size: 18px\" \/><br \/>\n<span style=\"font-family: Roboto, sans-serif\">Niiskusesisaldus (H2O) 0,07%<\/span><br style=\"font-family: Roboto, sans-serif;font-size: 18px\" \/><br \/>\n<span style=\"font-family: Roboto, sans-serif\">Vees lahustamatute ainete sisaldus 0,01%<\/span><br style=\"font-family: Roboto, sans-serif;font-size: 18px\" \/><br \/>\n<span style=\"font-family: Roboto, sans-serif\">Kaltsium (Ca) 50 mg\/kg<\/span><br style=\"font-family: Roboto, sans-serif;font-size: 18px\" \/><br \/>\n<span style=\"font-family: Roboto, sans-serif\">Magneesium (Mg) 30 mg\/kg<\/span><br style=\"font-family: Roboto, sans-serif;font-size: 18px\" \/><br \/>\n<span style=\"font-family: Roboto, sans-serif\">Sulfaat (SO4) 300 mg\/kg<\/span><\/span><\/p>","protected":false},"excerpt":{"rendered":"<p>Maitse poolest erineb Himaalaja sool teistest soolaliikidest oluliselt. Selle aroom ja maitse t\u00e4iendavad suurel m\u00e4\u00e4ral toor- ja valmistoiduainete maitset. Seda t\u00e4iesti puhast, ilma lisaaineteta soola kaevandatakse Himaalaja m\u00e4gedes k\u00e4sitsi, kasutamata l\u00f5hkeaineid ning j\u00e4rgides esivanemate iidseid traditsioone. Roosa Himaalaja sool sisaldab 84 elementi ja 200 keemilist \u00fchendit. Koostisosad: Himaalaja sool. Peamised keemilised n\u00e4itajad: Naatriumkloriid (NaCl) 98,5% [&hellip;]<\/p>\n","protected":false},"featured_media":2382,"template":"","meta":[],"product_brand":[],"product_cat":[309],"product_tag":[],"class_list":{"0":"post-2352","1":"product","2":"type-product","3":"status-publish","4":"has-post-thumbnail","6":"product_cat-suhkur-sool","8":"first","9":"instock","10":"taxable","11":"shipping-taxable","12":"purchasable","13":"product-type-simple"},"_links":{"self":[{"href":"https:\/\/pipraveski.ee\/en\/wp-json\/wp\/v2\/product\/2352","targetHints":{"allow":["GET"]}}],"collection":[{"href":"https:\/\/pipraveski.ee\/en\/wp-json\/wp\/v2\/product"}],"about":[{"href":"https:\/\/pipraveski.ee\/en\/wp-json\/wp\/v2\/types\/product"}],"wp:featuredmedia":[{"embeddable":true,"href":"https:\/\/pipraveski.ee\/en\/wp-json\/wp\/v2\/media\/2382"}],"wp:attachment":[{"href":"https:\/\/pipraveski.ee\/en\/wp-json\/wp\/v2\/media?parent=2352"}],"wp:term":[{"taxonomy":"product_brand","embeddable":true,"href":"https:\/\/pipraveski.ee\/en\/wp-json\/wp\/v2\/product_brand?post=2352"},{"taxonomy":"product_cat","embeddable":true,"href":"https:\/\/pipraveski.ee\/en\/wp-json\/wp\/v2\/product_cat?post=2352"},{"taxonomy":"product_tag","embeddable":true,"href":"https:\/\/pipraveski.ee\/en\/wp-json\/wp\/v2\/product_tag?post=2352"}],"curies":[{"name":"wp","href":"https:\/\/api.w.org\/{rel}","templated":true}]}}