{"id":2350,"date":"2025-10-22T19:09:53","date_gmt":"2025-10-22T16:09:53","guid":{"rendered":"https:\/\/pipraveski.ee\/?post_type=product&#038;p=2350"},"modified":"2026-04-17T11:32:23","modified_gmt":"2026-04-17T08:32:23","slug":"puuviljatee-mangomaitseline-lusikal-1tk-6g","status":"publish","type":"product","link":"https:\/\/pipraveski.ee\/en\/product\/puuviljatee-mangomaitseline-lusikal-1tk-6g\/","title":{"rendered":"Fruit tea, mango flavoured, spoon, 1pcs, 6g"},"content":{"rendered":"<p>K\u00f5rgeima tasemega puuviljatee segu! Selle v\u00e4hese happesisaldusega segu aluseks on eriti suured helbed ja mahlaste, eranditult eksootiliste puuviljade kuubikud. Magus ja v\u00e4rske maitsekooslus! V\u00e4ga maitsev ka j\u00e4\u00e4teena.<\/p>\n<p>Koostisosad:&nbsp;ananassikuubikud (ananass, suhkur, hapendaja sidrunhape), mangokuubikud (mango, suhkur, hapendaja: sidrunhape), mangohelbed, apelsinikoor, ananassihelbed, l\u00f5hna- ja maitseaine, k\u00fclmkuivatatud mandariinit\u00fckid, safloor, saialille\u00f5ied, k\u00fclmkuivatatud maasika viilud.<\/p>\n<p>10-12 minutit t\u00f5mbeaeg ,100 \u00b0C vee temperatuur.<\/p>","protected":false},"excerpt":{"rendered":"<p>K\u00f5rgeima tasemega puuviljatee segu! Selle v\u00e4hese happesisaldusega segu aluseks on eriti suured helbed ja mahlaste, eranditult eksootiliste puuviljade kuubikud. Magus ja v\u00e4rske maitsekooslus! V\u00e4ga maitsev ka j\u00e4\u00e4teena. Koostisosad:&nbsp;ananassikuubikud (ananass, suhkur, hapendaja sidrunhape), mangokuubikud (mango, suhkur, hapendaja: sidrunhape), mangohelbed, apelsinikoor, ananassihelbed, l\u00f5hna- ja maitseaine, k\u00fclmkuivatatud mandariinit\u00fckid, safloor, saialille\u00f5ied, k\u00fclmkuivatatud maasika viilud. 10-12 minutit t\u00f5mbeaeg ,100 \u00b0C [&hellip;]<\/p>\n","protected":false},"featured_media":3970,"template":"","meta":[],"product_brand":[],"product_cat":[327],"product_tag":[],"class_list":{"0":"post-2350","1":"product","2":"type-product","3":"status-publish","4":"has-post-thumbnail","6":"product_cat-kohv-tee","8":"first","9":"outofstock","10":"taxable","11":"shipping-taxable","12":"purchasable","13":"product-type-simple"},"_links":{"self":[{"href":"https:\/\/pipraveski.ee\/en\/wp-json\/wp\/v2\/product\/2350","targetHints":{"allow":["GET"]}}],"collection":[{"href":"https:\/\/pipraveski.ee\/en\/wp-json\/wp\/v2\/product"}],"about":[{"href":"https:\/\/pipraveski.ee\/en\/wp-json\/wp\/v2\/types\/product"}],"wp:featuredmedia":[{"embeddable":true,"href":"https:\/\/pipraveski.ee\/en\/wp-json\/wp\/v2\/media\/3970"}],"wp:attachment":[{"href":"https:\/\/pipraveski.ee\/en\/wp-json\/wp\/v2\/media?parent=2350"}],"wp:term":[{"taxonomy":"product_brand","embeddable":true,"href":"https:\/\/pipraveski.ee\/en\/wp-json\/wp\/v2\/product_brand?post=2350"},{"taxonomy":"product_cat","embeddable":true,"href":"https:\/\/pipraveski.ee\/en\/wp-json\/wp\/v2\/product_cat?post=2350"},{"taxonomy":"product_tag","embeddable":true,"href":"https:\/\/pipraveski.ee\/en\/wp-json\/wp\/v2\/product_tag?post=2350"}],"curies":[{"name":"wp","href":"https:\/\/api.w.org\/{rel}","templated":true}]}}