{"id":2308,"date":"2025-10-22T19:09:41","date_gmt":"2025-10-22T16:09:41","guid":{"rendered":"https:\/\/pipraveski.ee\/?post_type=product&#038;p=2308"},"modified":"2026-04-17T11:32:45","modified_gmt":"2026-04-17T08:32:45","slug":"siirupitilgad-english-caramel-125g","status":"publish","type":"product","link":"https:\/\/pipraveski.ee\/en\/product\/siirupitilgad-english-caramel-125g\/","title":{"rendered":"Syrup flakes, English Caramel, 125g"},"content":{"rendered":"<p>Preparation as a hot drink: add 3-4 drops of syrup to a hot coffee drink, wait a little until they dissolve, stir and the flavoured hot drink is ready to enjoy. They also go very well with tea or hot cocoa. Alternatively, you can enjoy the syrups on their own!<\/p>\n<p><span style=\"font-size: 13px\">Ingredients:<\/span>suhkur, gl\u00fckoosisiirup, \u017eelatiin, vesi, l\u00f5hna- ja maitseained, toiduv\u00e4rv (karamelli-suhkrusiirup), glasuuraine: karnaubavaha<\/p>\n<p><span style=\"font-size: 13px\">Nutrition information per 100g:<\/span><br style=\"font-size: 13px\" \/><br \/>\n<span style=\"font-size: 13px\">Energia 1526kJ \/ 359 kcal<\/span><br style=\"font-size: 13px\" \/><br \/>\n<span style=\"font-size: 13px\">Fats 0,5g<\/span><br style=\"font-size: 13px\" \/><br \/>\n<span style=\"font-size: 13px\">of which saturated fatty acids 0,1g<\/span><br style=\"font-size: 13px\" \/><br \/>\n<span style=\"font-size: 13px\">Carbohydrates 84g<\/span><br style=\"font-size: 13px\" \/><br \/>\n<span style=\"font-size: 13px\">millest suhkrud 74g<\/span><br style=\"font-size: 13px\" \/><br \/>\n<span style=\"font-size: 13px\">Protein 5g<\/span><br style=\"font-size: 13px\" \/><br \/>\n<span style=\"font-size: 13px\">Salt 0,03g<\/span><\/p>","protected":false},"excerpt":{"rendered":"<p>NEW PRODUCT! With these syrups you have the possibility to make exciting coffee drinks at home with caf\u00e9 quality. Assuming the droplets survive the journey from bag to cup, because we can't decide whether to use them as a sweetener in a drink or just eat them straight away.<\/p>","protected":false},"featured_media":2338,"template":"","meta":[],"product_brand":[],"product_cat":[327],"product_tag":[],"class_list":{"0":"post-2308","1":"product","2":"type-product","3":"status-publish","4":"has-post-thumbnail","6":"product_cat-kohv-tee","8":"first","9":"outofstock","10":"taxable","11":"shipping-taxable","12":"purchasable","13":"product-type-simple"},"_links":{"self":[{"href":"https:\/\/pipraveski.ee\/en\/wp-json\/wp\/v2\/product\/2308","targetHints":{"allow":["GET"]}}],"collection":[{"href":"https:\/\/pipraveski.ee\/en\/wp-json\/wp\/v2\/product"}],"about":[{"href":"https:\/\/pipraveski.ee\/en\/wp-json\/wp\/v2\/types\/product"}],"wp:featuredmedia":[{"embeddable":true,"href":"https:\/\/pipraveski.ee\/en\/wp-json\/wp\/v2\/media\/2338"}],"wp:attachment":[{"href":"https:\/\/pipraveski.ee\/en\/wp-json\/wp\/v2\/media?parent=2308"}],"wp:term":[{"taxonomy":"product_brand","embeddable":true,"href":"https:\/\/pipraveski.ee\/en\/wp-json\/wp\/v2\/product_brand?post=2308"},{"taxonomy":"product_cat","embeddable":true,"href":"https:\/\/pipraveski.ee\/en\/wp-json\/wp\/v2\/product_cat?post=2308"},{"taxonomy":"product_tag","embeddable":true,"href":"https:\/\/pipraveski.ee\/en\/wp-json\/wp\/v2\/product_tag?post=2308"}],"curies":[{"name":"wp","href":"https:\/\/api.w.org\/{rel}","templated":true}]}}