{"id":2303,"date":"2025-10-22T19:09:40","date_gmt":"2025-10-22T16:09:40","guid":{"rendered":"https:\/\/pipraveski.ee\/?post_type=product&#038;p=2303"},"modified":"2026-04-17T11:32:56","modified_gmt":"2026-04-17T08:32:56","slug":"sinepiseemned-100g","status":"publish","type":"product","link":"https:\/\/pipraveski.ee\/en\/product\/sinepiseemned-100g\/","title":{"rendered":"Sinepiseemned, HELA, 100g"},"content":{"rendered":"<p>Sinepiseemneid kasutatakse toitudes v\u00fcrtsina kas tervetena v\u00f5i pulbristatuna. Pulbrist valmistatakse sinepit ja ka aromaatset sinepi\u00f5li.<br \/>\nSobib eelk\u00f5ige rasvasemate toitude juurde nagu vorstid ja kastmete maitsestamiseks. Terveid seemneid kasutatakse marinaadide, kaunviljade ja karride koostises. Sinepipulbrit lisatakse salatikastmetesse ja majoneesile.<\/p>\n<p>Koostisosad: Sinepiseemned.<\/p>","protected":false},"excerpt":{"rendered":"<p>Sinepiseemneid kasutatakse toitudes v\u00fcrtsina kas tervetena v\u00f5i pulbristatuna. Pulbrist valmistatakse sinepit ja ka aromaatset sinepi\u00f5li. Sobib eelk\u00f5ige rasvasemate toitude juurde nagu vorstid ja kastmete maitsestamiseks. Terveid seemneid kasutatakse marinaadide, kaunviljade ja karride koostises. Sinepipulbrit lisatakse salatikastmetesse ja majoneesile. Koostisosad: Sinepiseemned.<\/p>","protected":false},"featured_media":2332,"template":"","meta":[],"product_brand":[244],"product_cat":[338],"product_tag":[],"class_list":{"0":"post-2303","1":"product","2":"type-product","3":"status-publish","4":"has-post-thumbnail","6":"product_brand-hela","7":"product_cat-puhtad-maitsed","9":"first","10":"instock","11":"taxable","12":"shipping-taxable","13":"purchasable","14":"product-type-simple"},"_links":{"self":[{"href":"https:\/\/pipraveski.ee\/en\/wp-json\/wp\/v2\/product\/2303","targetHints":{"allow":["GET"]}}],"collection":[{"href":"https:\/\/pipraveski.ee\/en\/wp-json\/wp\/v2\/product"}],"about":[{"href":"https:\/\/pipraveski.ee\/en\/wp-json\/wp\/v2\/types\/product"}],"wp:featuredmedia":[{"embeddable":true,"href":"https:\/\/pipraveski.ee\/en\/wp-json\/wp\/v2\/media\/2332"}],"wp:attachment":[{"href":"https:\/\/pipraveski.ee\/en\/wp-json\/wp\/v2\/media?parent=2303"}],"wp:term":[{"taxonomy":"product_brand","embeddable":true,"href":"https:\/\/pipraveski.ee\/en\/wp-json\/wp\/v2\/product_brand?post=2303"},{"taxonomy":"product_cat","embeddable":true,"href":"https:\/\/pipraveski.ee\/en\/wp-json\/wp\/v2\/product_cat?post=2303"},{"taxonomy":"product_tag","embeddable":true,"href":"https:\/\/pipraveski.ee\/en\/wp-json\/wp\/v2\/product_tag?post=2303"}],"curies":[{"name":"wp","href":"https:\/\/api.w.org\/{rel}","templated":true}]}}