{"id":2297,"date":"2025-10-22T19:09:40","date_gmt":"2025-10-22T16:09:40","guid":{"rendered":"https:\/\/pipraveski.ee\/?post_type=product&#038;p=2297"},"modified":"2026-04-17T11:32:33","modified_gmt":"2026-04-17T08:32:33","slug":"kaste-searibidele-lkk-397g","status":"publish","type":"product","link":"https:\/\/pipraveski.ee\/en\/product\/kaste-searibidele-lkk-397g\/","title":{"rendered":"Sauce for Searibs, LKK, 397g"},"content":{"rendered":"<p>Koostisosad: suhkrur, vesi, tomatipasta, salt, fermenteeritud SOJAoa pasta( vesi, sool, SOJAoad, NISUjahu), SEESAMIseemne pasta, modifitseeriud maisit\u00e4rklis, v\u00fcrtsid, SEESAMI\u00f5li, v\u00e4rvaina (karamell), kuivatatud k\u00fc\u00fcslauk, E260, ksantaakummi,<\/p>\n<p>Nutrition information per 100g:<br \/>\nEnergiasisaldus 847KJ\/201kcal<br \/>\nRasvad 4g<br \/>\nof which saturated fatty acids 0,6g<br \/>\nS\u00fcsivesikud 38g<br \/>\nof which sugars 37g<br \/>\nValgud 2,3g<br \/>\nSalt 11,1g<\/p>\n<p>Country of origin: China<\/p>","protected":false},"excerpt":{"rendered":"<p>Lee Kum Kee Spare Rib kaste sobib suurep\u00e4raselt teie lemmikribi marineerimiseks, grillimiseks v\u00f5i praadimiseks.<\/p>","protected":false},"featured_media":2326,"template":"","meta":[],"product_brand":[242],"product_cat":[317],"product_tag":[],"class_list":{"0":"post-2297","1":"product","2":"type-product","3":"status-publish","4":"has-post-thumbnail","6":"product_brand-lee-kum-kee","7":"product_cat-kastmed-sinepid-tsatnid","9":"first","10":"outofstock","11":"taxable","12":"shipping-taxable","13":"purchasable","14":"product-type-simple"},"_links":{"self":[{"href":"https:\/\/pipraveski.ee\/en\/wp-json\/wp\/v2\/product\/2297","targetHints":{"allow":["GET"]}}],"collection":[{"href":"https:\/\/pipraveski.ee\/en\/wp-json\/wp\/v2\/product"}],"about":[{"href":"https:\/\/pipraveski.ee\/en\/wp-json\/wp\/v2\/types\/product"}],"wp:featuredmedia":[{"embeddable":true,"href":"https:\/\/pipraveski.ee\/en\/wp-json\/wp\/v2\/media\/2326"}],"wp:attachment":[{"href":"https:\/\/pipraveski.ee\/en\/wp-json\/wp\/v2\/media?parent=2297"}],"wp:term":[{"taxonomy":"product_brand","embeddable":true,"href":"https:\/\/pipraveski.ee\/en\/wp-json\/wp\/v2\/product_brand?post=2297"},{"taxonomy":"product_cat","embeddable":true,"href":"https:\/\/pipraveski.ee\/en\/wp-json\/wp\/v2\/product_cat?post=2297"},{"taxonomy":"product_tag","embeddable":true,"href":"https:\/\/pipraveski.ee\/en\/wp-json\/wp\/v2\/product_tag?post=2297"}],"curies":[{"name":"wp","href":"https:\/\/api.w.org\/{rel}","templated":true}]}}