{"id":2296,"date":"2025-10-22T19:09:40","date_gmt":"2025-10-22T16:09:40","guid":{"rendered":"https:\/\/pipraveski.ee\/?post_type=product&#038;p=2296"},"modified":"2026-04-17T11:31:38","modified_gmt":"2026-04-17T08:31:38","slug":"toiduvarv-roheline-25g-heera","status":"publish","type":"product","link":"https:\/\/pipraveski.ee\/en\/product\/toiduvarv-roheline-25g-heera\/","title":{"rendered":"Food colouring, green, 25g, Heera"},"content":{"rendered":"<p>Roheline toiduv\u00e4rv, pulber.<\/p>\n<p>Kasutamine: Lahusta 9g pulbrit 1l tulises vees.<br \/>\nJahtumisel sega vedelikku pisut.<br \/>\nKasuta max 20ml toiduv\u00e4rvivedelikku 1kg toote kohta.<\/p>\n<p>Koostisosad: sool, Toiduv\u00e4rvid: E102 tartrasiin, E133.<\/p>\n<p>Toiduv\u00e4rv E102: v\u00f5ib avaldada kahjulikku m\u00f5ju laste aktiivsusele ja t\u00e4helepanu v\u00f5imele.<\/p>","protected":false},"excerpt":{"rendered":"<p>Roheline toiduv\u00e4rv, pulber<\/p>","protected":false},"featured_media":0,"template":"","meta":[],"product_brand":[240],"product_cat":[339],"product_tag":[],"class_list":{"0":"post-2296","1":"product","2":"type-product","3":"status-publish","5":"product_brand-heera","6":"product_cat-toiduvarvid","8":"first","9":"instock","10":"taxable","11":"shipping-taxable","12":"purchasable","13":"product-type-simple"},"_links":{"self":[{"href":"https:\/\/pipraveski.ee\/en\/wp-json\/wp\/v2\/product\/2296","targetHints":{"allow":["GET"]}}],"collection":[{"href":"https:\/\/pipraveski.ee\/en\/wp-json\/wp\/v2\/product"}],"about":[{"href":"https:\/\/pipraveski.ee\/en\/wp-json\/wp\/v2\/types\/product"}],"wp:attachment":[{"href":"https:\/\/pipraveski.ee\/en\/wp-json\/wp\/v2\/media?parent=2296"}],"wp:term":[{"taxonomy":"product_brand","embeddable":true,"href":"https:\/\/pipraveski.ee\/en\/wp-json\/wp\/v2\/product_brand?post=2296"},{"taxonomy":"product_cat","embeddable":true,"href":"https:\/\/pipraveski.ee\/en\/wp-json\/wp\/v2\/product_cat?post=2296"},{"taxonomy":"product_tag","embeddable":true,"href":"https:\/\/pipraveski.ee\/en\/wp-json\/wp\/v2\/product_tag?post=2296"}],"curies":[{"name":"wp","href":"https:\/\/api.w.org\/{rel}","templated":true}]}}