{"id":2255,"date":"2025-10-22T19:09:26","date_gmt":"2025-10-22T16:09:26","guid":{"rendered":"https:\/\/pipraveski.ee\/?post_type=product&#038;p=2255"},"modified":"2026-04-17T11:32:51","modified_gmt":"2026-04-17T08:32:51","slug":"mungoad-rohelised-trs-500g","status":"publish","type":"product","link":"https:\/\/pipraveski.ee\/en\/product\/mungoad-rohelised-trs-500g\/","title":{"rendered":"Mungoad, rohelised, TRS, 500g"},"content":{"rendered":"<p>Mung-ube peetakse maitsvaks ja v\u00e4ga tervislikuks, kuna neis on k\u00f5rge kiudainete ja oluliste valkude sisaldus. Need on toitaineterikkad ja neid peetakse \u00fcheks parimaks taimse valgu allikaks.<br \/>\nT\u00fc\u00fcpilised toidud TRS Mung ubadega:<br \/>\nIndias ja Pakistanis kasutatakse mitmek\u00fclgseid ube sageli hautistes, salatites v\u00f5i suppides. Mungoad on hea vaheldus kartulile, riisile v\u00f5i leivale ning maitsevad suurep\u00e4raselt panniroogade koostisosana. Khichidi, India riisipudru t\u00fc\u00fcp, saab valmistada ka koos Mung ubadega.<\/p>\n<p><span style=\"font-size: 13px\">Koostisosad: 100% mungoad<\/span><\/p>\n<p>Nutrition information per 100g:&nbsp;<br \/>\nEnergiasisaldus 1041kJ \/ 251kcal<br \/>\nRasvad 2,5g<br \/>\nS\u00fcsivesikuid 36,3g<br \/>\nmillest suhkruid 4,5g<br \/>\nKiudaineid 10g<br \/>\nValgud 24g<br \/>\nSalt 1g<\/p>\n<p>Country of origin: India<\/p>","protected":false},"excerpt":{"rendered":"<p>Mung-ube peetakse maitsvaks ja v\u00e4ga tervislikuks, kuna neis on k\u00f5rge kiudainete ja oluliste valkude sisaldus. Need on toitaineterikkad ja neid peetakse \u00fcheks parimaks taimse valgu allikaks. T\u00fc\u00fcpilised toidud TRS Mung ubadega: Indias ja Pakistanis kasutatakse mitmek\u00fclgseid ube sageli hautistes, salatites v\u00f5i suppides. Mungoad on hea vaheldus kartulile, riisile v\u00f5i leivale ning maitsevad suurep\u00e4raselt panniroogade koostisosana. [&hellip;]<\/p>\n","protected":false},"featured_media":2286,"template":"","meta":[],"product_brand":[],"product_cat":[319],"product_tag":[],"class_list":{"0":"post-2255","1":"product","2":"type-product","3":"status-publish","4":"has-post-thumbnail","6":"product_cat-laatsed-oad-terad","8":"first","9":"outofstock","10":"taxable","11":"shipping-taxable","12":"purchasable","13":"product-type-simple"},"_links":{"self":[{"href":"https:\/\/pipraveski.ee\/en\/wp-json\/wp\/v2\/product\/2255","targetHints":{"allow":["GET"]}}],"collection":[{"href":"https:\/\/pipraveski.ee\/en\/wp-json\/wp\/v2\/product"}],"about":[{"href":"https:\/\/pipraveski.ee\/en\/wp-json\/wp\/v2\/types\/product"}],"wp:featuredmedia":[{"embeddable":true,"href":"https:\/\/pipraveski.ee\/en\/wp-json\/wp\/v2\/media\/2286"}],"wp:attachment":[{"href":"https:\/\/pipraveski.ee\/en\/wp-json\/wp\/v2\/media?parent=2255"}],"wp:term":[{"taxonomy":"product_brand","embeddable":true,"href":"https:\/\/pipraveski.ee\/en\/wp-json\/wp\/v2\/product_brand?post=2255"},{"taxonomy":"product_cat","embeddable":true,"href":"https:\/\/pipraveski.ee\/en\/wp-json\/wp\/v2\/product_cat?post=2255"},{"taxonomy":"product_tag","embeddable":true,"href":"https:\/\/pipraveski.ee\/en\/wp-json\/wp\/v2\/product_tag?post=2255"}],"curies":[{"name":"wp","href":"https:\/\/api.w.org\/{rel}","templated":true}]}}