{"id":2254,"date":"2025-10-22T19:09:26","date_gmt":"2025-10-22T16:09:26","guid":{"rendered":"https:\/\/pipraveski.ee\/?post_type=product&#038;p=2254"},"modified":"2026-04-17T11:32:08","modified_gmt":"2026-04-17T08:32:08","slug":"pipar-must-purustatud-12-150g","status":"publish","type":"product","link":"https:\/\/pipraveski.ee\/en\/product\/pipar-must-purustatud-12-150g\/","title":{"rendered":"Pipar, must, purustatud #12, HELA, 150g"},"content":{"rendered":"<p>Piprama is a liana that grows in South America, South and Southeast Asia, and the Caribbean islands.<\/p>\n<p>Black, white and green pepper all come from the same plant. The difference comes from the fact that black pepper is the half-ripe seeds cooked and roasted, white pepper is the dried ripe seeds and green pepper is the dried half-ripe seeds.<\/p>\n<p>Pepper has a very long history, it has been both a means of payment and a sacrificial offering, and today it is probably one of the most common and well-known spices, widely used in all kinds of hot and cold, savoury and even certain sweet dishes.<\/p>\n<p>Use: As pepper loses its flavour and aroma quite quickly, it is best to add it to foods just before they are cooked; freshly ground black pepper is best.<\/p>","protected":false},"excerpt":{"rendered":"<p>Piprataim on liaan, mis kasvab L\u00f5una-Ameerikas, L\u00f5una- ja Kagu-Aasias, Kariibi mere saartel. Must, valge ning roheline pipar p\u00e4rinevad k\u00f5ik samalt taimelt. Erinevus tuleb sellest, et must pipar on keedetud ja k\u00fcpsetatud pooltoored seemned, valge pipar on kuivatatud k\u00fcpsed seemned ning roheline pipar on kuivatatud pooltoored seemned. Pipral on v\u00e4ga pikk ajalugu, pipar on olnud nii [&hellip;]<\/p>\n","protected":false},"featured_media":2285,"template":"","meta":[],"product_brand":[244],"product_cat":[338],"product_tag":[],"class_list":{"0":"post-2254","1":"product","2":"type-product","3":"status-publish","4":"has-post-thumbnail","6":"product_brand-hela","7":"product_cat-puhtad-maitsed","9":"first","10":"outofstock","11":"taxable","12":"shipping-taxable","13":"purchasable","14":"product-type-simple"},"_links":{"self":[{"href":"https:\/\/pipraveski.ee\/en\/wp-json\/wp\/v2\/product\/2254","targetHints":{"allow":["GET"]}}],"collection":[{"href":"https:\/\/pipraveski.ee\/en\/wp-json\/wp\/v2\/product"}],"about":[{"href":"https:\/\/pipraveski.ee\/en\/wp-json\/wp\/v2\/types\/product"}],"wp:featuredmedia":[{"embeddable":true,"href":"https:\/\/pipraveski.ee\/en\/wp-json\/wp\/v2\/media\/2285"}],"wp:attachment":[{"href":"https:\/\/pipraveski.ee\/en\/wp-json\/wp\/v2\/media?parent=2254"}],"wp:term":[{"taxonomy":"product_brand","embeddable":true,"href":"https:\/\/pipraveski.ee\/en\/wp-json\/wp\/v2\/product_brand?post=2254"},{"taxonomy":"product_cat","embeddable":true,"href":"https:\/\/pipraveski.ee\/en\/wp-json\/wp\/v2\/product_cat?post=2254"},{"taxonomy":"product_tag","embeddable":true,"href":"https:\/\/pipraveski.ee\/en\/wp-json\/wp\/v2\/product_tag?post=2254"}],"curies":[{"name":"wp","href":"https:\/\/api.w.org\/{rel}","templated":true}]}}